{"id":16,"date":"2017-03-13T10:57:13","date_gmt":"2017-03-13T09:57:13","guid":{"rendered":"http:\/\/zaansekoopmanshuis.nl\/?page_id=16"},"modified":"2026-03-23T18:34:42","modified_gmt":"2026-03-23T17:34:42","slug":"appartement","status":"publish","type":"page","link":"https:\/\/zaansekoopmanshuis.nl\/de\/appartement\/","title":{"rendered":"Appartement"},"content":{"rendered":"<p><\/p>\n<div class=\"kolom-links\">\n<p>Gem\u00fctliche, luxuri\u00f6se G\u00e4stewohnung (ca.\u00a050 m<sup>2<\/sup>) in einem Fl\u00fcgel unseres U-f\u00f6rmigen Hauses. Sie liegt im Erdgeschoss und grenzt an einen geschlossenen Innenhof mit sch\u00f6nem Garten.<br \/>\nEigener Eingang \u00fcber den Garten, Eingangshalle mit Garderobe und separatem Abstellraum mit Waschmaschine mit Trockner und B\u00fcgelbrett.<\/p>\n<p>\u00dcber die Eingangshalle kommen Sie in die komplett ausgestattete K\u00fcche mit Esstisch, Elektroherd mit vier Platten, K\u00fchlschrank mit Gefrierfach, Kombimikrowelle, Wedgewood-Geschirr, Kochgeschirr, Geschirrt\u00fccher, Kaffeeautomat, Wasserkocher und Kaffee-\/Teegeschirr.<\/p>\n<p>Die K\u00fcche grenzt an das L-f\u00f6rmige Wohn-\/Schlafzimmer mit zwei aneinander gestellten, luxuri\u00f6sen boxspring Einzelbetten, die auf Wunsch auch getrennt aufgestellt werden k\u00f6nnen.<\/p>\n<\/div>\n<div class=\"kolom-rechts\">\n<p>Das Appartement verf\u00fcgt weiterhin \u00fcber eine Sitzgruppe mit komfortablen Sessel mit elektrisch verstellbarer R\u00fcckenlehne und Fu\u00dfhocker, Heizung und verschiedenen Massagem\u00f6glichkeiten, einen Schreibtisch, einen gro\u00dfen Kleiderschrank, sowie Radio, Fernseher (mit Chrome cast), DVD\/CD-Spieler, Weckerradio, Philps Wake-up-light, gratis Wifi, DVDs, CDs, B\u00fccher und touristisches Informationsmaterial.<\/p>\n<p>In dem romantischen Badezimmer mit kuppelf\u00f6rmiger Sternenhimmeldecke befinden sich WC, Waschbecken, exklusiver Spa-Whirlpool f\u00fcr zwei Personen, Regendusche, Fu\u00dfbodenheizung und Design-Handtuchheizk\u00f6rper. Neben dem Badezimmer befindet sich die ger\u00e4umige Finnische Privatsauna mit Lichttherapie.<\/p>\n<p>Das Appartement ist weiterhin ausgestattet mit hochwertiger Bettw\u00e4sche, Handt\u00fcchern, Badem\u00e4nteln, F\u00f6hn, Sauna- und Toilettenartikeln, Kaffee und Tee, sowie einer Flasche Wein, Bonbons, frischem Obst und Blumen.<\/p>\n<\/div><div class=\"spacer\"><\/div>\n\n\t\t<style type=\"text\/css\">\n\t\t\t#gallery-4 {\n\t\t\t\tmargin: auto;\n\t\t\t}\n\t\t\t#gallery-4 .gallery-item {\n\t\t\t\tfloat: left;\n\t\t\t\tmargin-top: 10px;\n\t\t\t\ttext-align: center;\n\t\t\t\twidth: 11%;\n\t\t\t}\n\t\t\t#gallery-4 img {\n\t\t\t\tborder: 2px solid #cfcfcf;\n\t\t\t}\n\t\t\t#gallery-4 .gallery-caption {\n\t\t\t\tmargin-left: 0;\n\t\t\t}\n\t\t\t\/* see gallery_shortcode() in wp-includes\/media.php *\/\n\t\t<\/style>\n\t\t<div id='gallery-4' class='gallery galleryid-16 gallery-columns-9 gallery-size-thumbnail'><dl class='gallery-item'>\n\t\t\t<dt class='gallery-icon landscape'>\n\t\t\t\t<a title=\"\" href='https:\/\/zaansekoopmanshuis.nl\/wp-content\/uploads\/2017\/03\/foto1-1.jpg'><img loading=\"lazy\" decoding=\"async\" width=\"80\" height=\"80\" src=\"https:\/\/zaansekoopmanshuis.nl\/wp-content\/uploads\/2017\/03\/foto1-1-80x80.jpg\" class=\"attachment-thumbnail size-thumbnail\" alt=\"\" srcset=\"https:\/\/zaansekoopmanshuis.nl\/wp-content\/uploads\/2017\/03\/foto1-1-80x80.jpg 80w, https:\/\/zaansekoopmanshuis.nl\/wp-content\/uploads\/2017\/03\/foto1-1-150x150.jpg 150w\" sizes=\"auto, (max-width: 80px) 100vw, 80px\" \/><\/a>\n\t\t\t<\/dt><\/dl><dl class='gallery-item'>\n\t\t\t<dt class='gallery-icon landscape'>\n\t\t\t\t<a title=\"\" href='https:\/\/zaansekoopmanshuis.nl\/wp-content\/uploads\/2017\/03\/foto2-1.jpg'><img loading=\"lazy\" decoding=\"async\" width=\"80\" height=\"80\" src=\"https:\/\/zaansekoopmanshuis.nl\/wp-content\/uploads\/2017\/03\/foto2-1-80x80.jpg\" class=\"attachment-thumbnail size-thumbnail\" alt=\"\" srcset=\"https:\/\/zaansekoopmanshuis.nl\/wp-content\/uploads\/2017\/03\/foto2-1-80x80.jpg 80w, https:\/\/zaansekoopmanshuis.nl\/wp-content\/uploads\/2017\/03\/foto2-1-150x150.jpg 150w\" sizes=\"auto, (max-width: 80px) 100vw, 80px\" \/><\/a>\n\t\t\t<\/dt><\/dl><dl class='gallery-item'>\n\t\t\t<dt class='gallery-icon landscape'>\n\t\t\t\t<a title=\"\" href='https:\/\/zaansekoopmanshuis.nl\/wp-content\/uploads\/2017\/03\/foto3-1.jpg'><img loading=\"lazy\" decoding=\"async\" width=\"80\" height=\"80\" src=\"https:\/\/zaansekoopmanshuis.nl\/wp-content\/uploads\/2017\/03\/foto3-1-80x80.jpg\" class=\"attachment-thumbnail size-thumbnail\" alt=\"\" srcset=\"https:\/\/zaansekoopmanshuis.nl\/wp-content\/uploads\/2017\/03\/foto3-1-80x80.jpg 80w, https:\/\/zaansekoopmanshuis.nl\/wp-content\/uploads\/2017\/03\/foto3-1-150x150.jpg 150w\" sizes=\"auto, (max-width: 80px) 100vw, 80px\" \/><\/a>\n\t\t\t<\/dt><\/dl><dl class='gallery-item'>\n\t\t\t<dt class='gallery-icon landscape'>\n\t\t\t\t<a title=\"\" href='https:\/\/zaansekoopmanshuis.nl\/wp-content\/uploads\/2017\/03\/foto4-1.jpg'><img loading=\"lazy\" decoding=\"async\" width=\"80\" height=\"80\" src=\"https:\/\/zaansekoopmanshuis.nl\/wp-content\/uploads\/2017\/03\/foto4-1-80x80.jpg\" class=\"attachment-thumbnail size-thumbnail\" alt=\"\" srcset=\"https:\/\/zaansekoopmanshuis.nl\/wp-content\/uploads\/2017\/03\/foto4-1-80x80.jpg 80w, https:\/\/zaansekoopmanshuis.nl\/wp-content\/uploads\/2017\/03\/foto4-1-150x150.jpg 150w\" sizes=\"auto, (max-width: 80px) 100vw, 80px\" \/><\/a>\n\t\t\t<\/dt><\/dl><dl class='gallery-item'>\n\t\t\t<dt class='gallery-icon landscape'>\n\t\t\t\t<a title=\"\" href='https:\/\/zaansekoopmanshuis.nl\/wp-content\/uploads\/2017\/03\/foto5-1.jpg'><img loading=\"lazy\" decoding=\"async\" width=\"80\" height=\"80\" src=\"https:\/\/zaansekoopmanshuis.nl\/wp-content\/uploads\/2017\/03\/foto5-1-80x80.jpg\" class=\"attachment-thumbnail size-thumbnail\" alt=\"\" srcset=\"https:\/\/zaansekoopmanshuis.nl\/wp-content\/uploads\/2017\/03\/foto5-1-80x80.jpg 80w, https:\/\/zaansekoopmanshuis.nl\/wp-content\/uploads\/2017\/03\/foto5-1-150x150.jpg 150w\" sizes=\"auto, (max-width: 80px) 100vw, 80px\" \/><\/a>\n\t\t\t<\/dt><\/dl><dl class='gallery-item'>\n\t\t\t<dt class='gallery-icon landscape'>\n\t\t\t\t<a title=\"\" href='https:\/\/zaansekoopmanshuis.nl\/wp-content\/uploads\/2017\/03\/foto6-1.jpg'><img loading=\"lazy\" decoding=\"async\" width=\"80\" height=\"80\" src=\"https:\/\/zaansekoopmanshuis.nl\/wp-content\/uploads\/2017\/03\/foto6-1-80x80.jpg\" class=\"attachment-thumbnail size-thumbnail\" alt=\"\" srcset=\"https:\/\/zaansekoopmanshuis.nl\/wp-content\/uploads\/2017\/03\/foto6-1-80x80.jpg 80w, https:\/\/zaansekoopmanshuis.nl\/wp-content\/uploads\/2017\/03\/foto6-1-150x150.jpg 150w\" sizes=\"auto, (max-width: 80px) 100vw, 80px\" \/><\/a>\n\t\t\t<\/dt><\/dl><dl class='gallery-item'>\n\t\t\t<dt class='gallery-icon landscape'>\n\t\t\t\t<a title=\"\" href='https:\/\/zaansekoopmanshuis.nl\/wp-content\/uploads\/2017\/03\/foto7-1.jpg'><img loading=\"lazy\" decoding=\"async\" width=\"80\" height=\"80\" src=\"https:\/\/zaansekoopmanshuis.nl\/wp-content\/uploads\/2017\/03\/foto7-1-80x80.jpg\" class=\"attachment-thumbnail size-thumbnail\" alt=\"\" srcset=\"https:\/\/zaansekoopmanshuis.nl\/wp-content\/uploads\/2017\/03\/foto7-1-80x80.jpg 80w, https:\/\/zaansekoopmanshuis.nl\/wp-content\/uploads\/2017\/03\/foto7-1-150x150.jpg 150w\" sizes=\"auto, (max-width: 80px) 100vw, 80px\" \/><\/a>\n\t\t\t<\/dt><\/dl><dl class='gallery-item'>\n\t\t\t<dt class='gallery-icon portrait'>\n\t\t\t\t<a title=\"\" href='https:\/\/zaansekoopmanshuis.nl\/wp-content\/uploads\/2017\/03\/foto8-1.jpg'><img loading=\"lazy\" decoding=\"async\" width=\"80\" height=\"80\" src=\"https:\/\/zaansekoopmanshuis.nl\/wp-content\/uploads\/2017\/03\/foto8-1-80x80.jpg\" class=\"attachment-thumbnail size-thumbnail\" alt=\"\" srcset=\"https:\/\/zaansekoopmanshuis.nl\/wp-content\/uploads\/2017\/03\/foto8-1-80x80.jpg 80w, https:\/\/zaansekoopmanshuis.nl\/wp-content\/uploads\/2017\/03\/foto8-1-150x150.jpg 150w, https:\/\/zaansekoopmanshuis.nl\/wp-content\/uploads\/2017\/03\/foto8-1.jpg 1020w\" sizes=\"auto, (max-width: 80px) 100vw, 80px\" \/><\/a>\n\t\t\t<\/dt><\/dl><dl class='gallery-item'>\n\t\t\t<dt class='gallery-icon landscape'>\n\t\t\t\t<a title=\"\" href='https:\/\/zaansekoopmanshuis.nl\/wp-content\/uploads\/2017\/03\/foto9-1.jpg'><img loading=\"lazy\" decoding=\"async\" width=\"80\" height=\"80\" src=\"https:\/\/zaansekoopmanshuis.nl\/wp-content\/uploads\/2017\/03\/foto9-1-80x80.jpg\" class=\"attachment-thumbnail size-thumbnail\" alt=\"\" srcset=\"https:\/\/zaansekoopmanshuis.nl\/wp-content\/uploads\/2017\/03\/foto9-1-80x80.jpg 80w, https:\/\/zaansekoopmanshuis.nl\/wp-content\/uploads\/2017\/03\/foto9-1-150x150.jpg 150w\" sizes=\"auto, (max-width: 80px) 100vw, 80px\" \/><\/a>\n\t\t\t<\/dt><\/dl><br style=\"clear: both\" \/><dl class='gallery-item'>\n\t\t\t<dt class='gallery-icon portrait'>\n\t\t\t\t<a title=\"\" href='https:\/\/zaansekoopmanshuis.nl\/wp-content\/uploads\/2017\/03\/foto10-1.jpg'><img loading=\"lazy\" decoding=\"async\" width=\"80\" height=\"80\" src=\"https:\/\/zaansekoopmanshuis.nl\/wp-content\/uploads\/2017\/03\/foto10-1-80x80.jpg\" class=\"attachment-thumbnail size-thumbnail\" alt=\"\" srcset=\"https:\/\/zaansekoopmanshuis.nl\/wp-content\/uploads\/2017\/03\/foto10-1-80x80.jpg 80w, https:\/\/zaansekoopmanshuis.nl\/wp-content\/uploads\/2017\/03\/foto10-1-150x150.jpg 150w\" sizes=\"auto, (max-width: 80px) 100vw, 80px\" \/><\/a>\n\t\t\t<\/dt><\/dl>\n\t\t\t<br style='clear: both' \/>\n\t\t<\/div>\n\n<p>Das Appartement kostet \u20ac 130,- pro \u00dcbernachtung f\u00fcr zwei Personen.\u00a0 Selbstversorgung. Die Preis ist inklusive alles aber exklusive die lokate Kur Taks von \u20ac 5 pro Person pro \u00dcbernachtung. Minimum Aufenthalt zwei N\u00e4chte.\u00a0 Im Hauptsaison k\u00f6nnen wir auch drei oder vier \u00dcbernachtungen fragen mit Ausnahme wenn nur zwei oder drei N\u00e4chten zu Verfugung sind.\u00a0 Siehe <a href=\"..\/prijzen\">Preise<\/a> f\u00fcr weitere Informationen.<\/p>\n<p><\/p>","protected":false},"excerpt":{"rendered":"<p>Das Appartement kostet \u20ac 130,- pro \u00dcbernachtung f\u00fcr zwei Personen.\u00a0 Selbstversorgung. Die Preis ist inklusive alles aber exklusive die lokate Kur Taks von \u20ac 5 pro Person pro \u00dcbernachtung. Minimum Aufenthalt zwei N\u00e4chte.\u00a0 Im Hauptsaison k\u00f6nnen wir auch drei oder &hellip; <a href=\"https:\/\/zaansekoopmanshuis.nl\/de\/appartement\/\"><em>Lees verder<span class=\"meta-nav\">&#8230;<\/span><\/em><\/a><\/em><\/p>\n","protected":false},"author":1,"featured_media":0,"parent":0,"menu_order":0,"comment_status":"closed","ping_status":"closed","template":"","meta":{"_acf_changed":false,"footnotes":""},"class_list":["post-16","page","type-page","status-publish","hentry"],"acf":[],"_links":{"self":[{"href":"https:\/\/zaansekoopmanshuis.nl\/de\/wp-json\/wp\/v2\/pages\/16","targetHints":{"allow":["GET"]}}],"collection":[{"href":"https:\/\/zaansekoopmanshuis.nl\/de\/wp-json\/wp\/v2\/pages"}],"about":[{"href":"https:\/\/zaansekoopmanshuis.nl\/de\/wp-json\/wp\/v2\/types\/page"}],"author":[{"embeddable":true,"href":"https:\/\/zaansekoopmanshuis.nl\/de\/wp-json\/wp\/v2\/users\/1"}],"replies":[{"embeddable":true,"href":"https:\/\/zaansekoopmanshuis.nl\/de\/wp-json\/wp\/v2\/comments?post=16"}],"version-history":[{"count":65,"href":"https:\/\/zaansekoopmanshuis.nl\/de\/wp-json\/wp\/v2\/pages\/16\/revisions"}],"predecessor-version":[{"id":3625,"href":"https:\/\/zaansekoopmanshuis.nl\/de\/wp-json\/wp\/v2\/pages\/16\/revisions\/3625"}],"wp:attachment":[{"href":"https:\/\/zaansekoopmanshuis.nl\/de\/wp-json\/wp\/v2\/media?parent=16"}],"curies":[{"name":"wp","href":"https:\/\/api.w.org\/{rel}","templated":true}]}}