{"id":19,"date":"2017-03-13T10:57:24","date_gmt":"2017-03-13T09:57:24","guid":{"rendered":"http:\/\/zaansekoopmanshuis.nl\/?page_id=19"},"modified":"2018-03-27T10:59:21","modified_gmt":"2018-03-27T09:59:21","slug":"eten-en-drinken","status":"publish","type":"page","link":"https:\/\/zaansekoopmanshuis.nl\/de\/eten-en-drinken\/","title":{"rendered":"Gastronomie in der Umgebung"},"content":{"rendered":"<p><\/p>\n<p>Nach einem Tag voller Aktivit\u00e4ten entspannt dinieren in einem nahe gelegenen Restaurant oder eine Mahlzeit vom Take-Away-Restaurant mitnehmen? Oder m\u00f6chten Sie lieber einkaufen und \u201ezu Hause\u201c selber kochen? Sie haben eine reichhaltige, qualitativ hochwertige Auswahl zu g\u00fcnstigen, lokalen Preisen.<\/p>\n<p>In der direkten Umgebung finden Sie: f\u00fcnf Restaurants, Take-Away-Restaurants (chinesisch, thail\u00e4ndisch, Tapas, Delikatessen und eine Imbissstube), einen Supermarkt (t\u00e4glich &#8211; auch sonntags &#8211; bis 22 Uhr ge\u00f6ffnet), B\u00e4ckerei\/Konditorei, Metzger, Fischgesch\u00e4ft, Gem\u00fcse- und Delikatessengesch\u00e4ft, Drogerie, Kneipen und Stra\u00dfencaf\u00e9s.<\/p>\n<p>Wenn Sie w\u00e4hrend Ihres Aufenthalts aus essen gehen m\u00f6chten, dann bieten sich Ihnen in ein bis zw\u00f6lf Minuten Fu\u00dfwegabstand folgende M\u00f6glichkeiten:<\/p>\n<div class=\"kolom-links\">\n<p><a href=\"http:\/\/www.kathmandukitchen.nl\/ZNS\/\" target=\"_blank\" rel=\"noopener\"><strong>Restaurant \u2018Kathmandu Kitchen\u2019<\/strong><\/a><br \/>\n <a href=\"http:\/\/www.kathmandukitchen.nl\/ZNS\/\" target=\"_blank\" rel=\"noopener\"><img loading=\"lazy\" decoding=\"async\" class=\"alignnone wp-image-162 size-full\" src=\"https:\/\/zaansekoopmanshuis.nl\/wp-content\/uploads\/2017\/03\/vijfde.jpg\" alt=\"\" width=\"313\" height=\"70\" \/><\/a><br \/>\n liegt nur eine Minute Fu\u00dfweg vom B &amp; B entfernt. Das Restaurant befindet sich in \u201eDe Waakzaamheid\u201c, der \u00e4ltesten Gastst\u00e4tte in den Niederlanden. Es stand im Finale des beliebten holl\u00e4ndischen Fernsehprogramms \u201eDas sch\u00f6nste Geb\u00e4ude der Niederlande\u201c. Das hellgr\u00fcne, denkmalgesch\u00fctzte Holzhaus hat einen doppelten Kachelofen, eine stilvolle Einrichtung und eine sonnige Terrasse. Es empfiehlt sich, vorab zu reservieren, wir regeln das gerne f\u00fcr Sie. Montags Ruhetag.<\/p>\n<p>&nbsp;<\/p>\n<p><a href=\"http:\/\/www.desmuiger.com\/\" target=\"_blank\" rel=\"noopener\"><strong>Restaurant \u2018De Smuiger\u2019<\/strong><\/a><br \/>\n <a href=\"http:\/\/www.desmuiger.com\/\" target=\"_blank\" rel=\"noopener\"><img loading=\"lazy\" decoding=\"async\" class=\"alignnone wp-image-165 size-full\" src=\"https:\/\/zaansekoopmanshuis.nl\/wp-content\/uploads\/2017\/03\/smuiger.jpg\" alt=\"\" width=\"313\" height=\"70\" \/><\/a><br \/>\n (5 Minuten Fu\u00dfweg) befindet sich in einem im historischen Stil restaurierten denkmalgesch\u00fctzten Geb\u00e4ude. Das lokaltypische gr\u00fcne Holzhaus hat zwei mit Liebe zum Detail eingerichtete Gaststuben mit Kachel\u00f6fen. Es ist rundum umgeben von einer sch\u00f6nen Terrasse mit Aussicht auf eine Windm\u00fchle. Es empfiehlt sich, vorab zu reservieren, wir regeln das gerne f\u00fcr Sie.<\/p>\n<\/div>\n<div class=\"kolom-rechts\">\n<p><a href=\"http:\/\/www.dewalvis.eu\/\" target=\"_blank\" rel=\"noopener\"><strong>Restaurant \u2018De Hoop op d\u2019Swarte Walvis\u2019<\/strong><\/a><br \/>\n <a href=\"http:\/\/www.dewalvis.eu\/\" target=\"_blank\" rel=\"noopener\"><img loading=\"lazy\" decoding=\"async\" class=\"alignnone wp-image-168 size-full\" src=\"https:\/\/zaansekoopmanshuis.nl\/wp-content\/uploads\/2017\/03\/walvis.jpg\" alt=\"\" width=\"313\" height=\"70\" \/><\/a><br \/>\n (10 Minuten Fu\u00dfweg) ist ein sehr stimmungsvolles Restaurant mit einer reichen Geschichte. Es liegt an der Zaan und geh\u00f6rt zum bekannten Freilichtmuseum \u201eDe Zaanse Schans\u201c. Die Tische sind mit wei\u00dfem Damast gedeckt. Von der Gartenterrasse, mit Steg und Pergola, hat man eine wunderbare Aussicht auf das historische Dorf Zaandijk am gegen\u00fcberliegenden Flussufer. Montags Ruhetag.<\/p>\n<p>&nbsp;<\/p>\n<p><a href=\"http:\/\/www.eetcafedetoog.nl\/\" target=\"_blank\" rel=\"noopener\"><strong>Eetcaf\u00e9 \u2018De Toog\u2019<\/strong><\/a><br \/>\n <a href=\"http:\/\/www.eetcafedetoog.nl\/\" target=\"_blank\" rel=\"noopener\"><img loading=\"lazy\" decoding=\"async\" class=\"alignnone wp-image-169 size-full\" src=\"https:\/\/zaansekoopmanshuis.nl\/wp-content\/uploads\/2017\/03\/toog.jpg\" alt=\"\" width=\"313\" height=\"70\" \/><\/a><br \/>\n (12 Minuten Fu\u00dfweg) ist ein informelles, so genanntes \u201ebraunes\u201c Caf\u00e9-Restaurant in einem denkmalgesch\u00fctzten Holzhaus im typischen \u201eZaans\u201c Gr\u00fcn, mit einer warmen und gem\u00fctlichen Atmosph\u00e4re. Es gibt eine Bar, eine Terrasse an der Zaan und eine umfangreiche Speisekarte f\u00fcr jeden Geschmack.<\/p>\n<\/div><div class=\"spacer\"><\/div>\n<p><\/p>","protected":false},"excerpt":{"rendered":"<p>Nach einem Tag voller Aktivit\u00e4ten entspannt dinieren in einem nahe gelegenen Restaurant oder eine Mahlzeit vom Take-Away-Restaurant mitnehmen? Oder m\u00f6chten Sie lieber einkaufen und \u201ezu Hause\u201c selber kochen? Sie haben eine reichhaltige, qualitativ hochwertige Auswahl zu g\u00fcnstigen, lokalen Preisen. In &hellip; <a href=\"https:\/\/zaansekoopmanshuis.nl\/de\/eten-en-drinken\/\"><em>Lees verder<span class=\"meta-nav\">&#8230;<\/span><\/em><\/a><\/em><\/p>\n","protected":false},"author":1,"featured_media":0,"parent":0,"menu_order":0,"comment_status":"closed","ping_status":"closed","template":"","meta":{"_acf_changed":false,"footnotes":""},"class_list":["post-19","page","type-page","status-publish","hentry"],"acf":[],"_links":{"self":[{"href":"https:\/\/zaansekoopmanshuis.nl\/de\/wp-json\/wp\/v2\/pages\/19","targetHints":{"allow":["GET"]}}],"collection":[{"href":"https:\/\/zaansekoopmanshuis.nl\/de\/wp-json\/wp\/v2\/pages"}],"about":[{"href":"https:\/\/zaansekoopmanshuis.nl\/de\/wp-json\/wp\/v2\/types\/page"}],"author":[{"embeddable":true,"href":"https:\/\/zaansekoopmanshuis.nl\/de\/wp-json\/wp\/v2\/users\/1"}],"replies":[{"embeddable":true,"href":"https:\/\/zaansekoopmanshuis.nl\/de\/wp-json\/wp\/v2\/comments?post=19"}],"version-history":[{"count":5,"href":"https:\/\/zaansekoopmanshuis.nl\/de\/wp-json\/wp\/v2\/pages\/19\/revisions"}],"predecessor-version":[{"id":1109,"href":"https:\/\/zaansekoopmanshuis.nl\/de\/wp-json\/wp\/v2\/pages\/19\/revisions\/1109"}],"wp:attachment":[{"href":"https:\/\/zaansekoopmanshuis.nl\/de\/wp-json\/wp\/v2\/media?parent=19"}],"curies":[{"name":"wp","href":"https:\/\/api.w.org\/{rel}","templated":true}]}}