{"id":22,"date":"2017-03-13T10:57:38","date_gmt":"2017-03-13T09:57:38","guid":{"rendered":"http:\/\/zaansekoopmanshuis.nl\/?page_id=22"},"modified":"2018-03-27T11:02:15","modified_gmt":"2018-03-27T10:02:15","slug":"omgeving","status":"publish","type":"page","link":"https:\/\/zaansekoopmanshuis.nl\/de\/omgeving\/","title":{"rendered":"Umgebung"},"content":{"rendered":"<p><\/p>\n<div class=\"kolom-links\">\n<p>Unser B &amp; B befindet sich ca. 6 Minuten Fu\u00dfweg entfernt vom Freilichtmuseum <a href=\"http:\/\/www.zaanseschans.nl\/\" target=\"_blank\" rel=\"noopener\">De Zaanse Schans<\/a>, das zu den zehn meistbesuchten touristischen Attraktionen der Niederlande geh\u00f6rt. Man kann viele sch\u00f6ne, authentische H\u00e4user aus dem Zaangebiet besichtigen, aber auch acht Windm\u00fchlen, eine K\u00e4serei, eine Holzschuhmacherei und diverse Museen wie z.B. das bekannte <a href=\"http:\/\/www.mnuurwerk.nl\/\" target=\"_blank\" rel=\"noopener\">Niederl\u00e4ndische Uhrwerkmuseum<\/a> und das <a href=\"http:\/\/www.zaansmuseum.nl\/\" target=\"_blank\" rel=\"noopener\">Zaans Museum<\/a>.<\/p>\n<p><img loading=\"lazy\" decoding=\"async\" class=\"alignnone wp-image-175\" src=\"https:\/\/zaansekoopmanshuis.nl\/wp-content\/uploads\/2017\/03\/foto9-thumb.jpg\" alt=\"\" width=\"400\" height=\"142\" \/><br \/>\n Von der Zaanse Schans aus k\u00f6nnen Sie eine <a href=\"http:\/\/www.rederijdeschans.nl\/\" target=\"_blank\" rel=\"noopener\">Bootsfahrt auf der Zaan<\/a> oder eine Tour mit einem flachen <a href=\"http:\/\/www.dekoeienboot.nl\/index.php\/de-koeienboot\" target=\"_blank\" rel=\"noopener\">Transportkahn<\/a> durch den Kalverpolder machen, mit der Zaanhopper-F\u00e4hre nach Zaandam und Wormerveer fahren, selber mit einem elektrischen <a href=\"http:\/\/www.varenopdezaan.nl\/\" target=\"_blank\" rel=\"noopener\">Fl\u00fcsterboot auf der Zaan schippern<\/a> oder eine kurze \u00dcberfahrt mit der <a href=\"http:\/\/www.voetveerzaandijk.nl\/\" target=\"_blank\" rel=\"noopener\">Fu\u00dfg\u00e4ngerf\u00e4hre von der Zaanse Schans<\/a> nach Zaandijk machen.<\/p>\n<\/div>\n<div class=\"kolom-rechts\">\n<p>Weiter finden Sie in der direkten Umgebung: einen Supermarkt (t\u00e4glich &#8211; auch sonntags &#8211; bis 22 Uhr ge\u00f6ffnet), Gesch\u00e4fte, Stra\u00dfencaf\u00e9s, einen Park, <a href=\"http:\/\/www.zaanschemolen.nl\/page.asp?id=255222&amp;pid=4878&amp;mid=4938\" target=\"_blank\" rel=\"noopener\">das Windm\u00fchlenmuseum<\/a>, <a href=\"http:\/\/www.honigbreethuis.nl\/\" target=\"_blank\" rel=\"noopener\">das Honig Breethuis<\/a>, die pittoresken Weiler Haaldersbroek und Domineestuin und f\u00fcr die Kinder ein Hallenbad und ein \u00fcberdachtes Spielparadies u.a. mit Lasergames. Etwas weiter entfernt liegen die Naherholungsgebiete De Jagersplas und <a href=\"http:\/\/www.hettwiske.nl\/\" target=\"_blank\" rel=\"noopener\">Het Twiske<\/a>.<\/p>\n<p>Das Dorf Koog aan de Zaan ist, wie das benachbarte D\u00f6rfchen Zaandijk, ein typisches Reihendorf entlang der Zaan und liegt \u201aeingeklemmt\u2019 zwischen drei Naturschutzgebieten mit dem gr\u00f6\u00dften Moorweidegebiet Europas(<a href=\"http:\/\/www.kalverpolder.nl\/\" target=\"_blank\" rel=\"noopener\">Kalverpolder<\/a>, <a href=\"http:\/\/www.natuurmonumenten.nl\/wormer-en-jisperveld\" target=\"_blank\" rel=\"noopener\">Wormer- en Jisperveld<\/a> und Guisveld en De Reef ), mit zahlreichen Wander-, Fahrrad- und Kanurouten. Unser B &amp; B liegt an einer Zugvogelroute. Sie k\u00f6nnen bei uns Landkarten f\u00fcr die Wander-, Fahrrad- und Kanurouten leihen, aber auch <a href=\"http:\/\/www.afstandmeten.nl\/\" target=\"_blank\" rel=\"noopener\">hier<\/a> bereits Ihre eigen Route planen.<\/p>\n<\/div><div class=\"spacer\"><\/div>\n\n\t\t<style type=\"text\/css\">\n\t\t\t#gallery-4 {\n\t\t\t\tmargin: auto;\n\t\t\t}\n\t\t\t#gallery-4 .gallery-item {\n\t\t\t\tfloat: left;\n\t\t\t\tmargin-top: 10px;\n\t\t\t\ttext-align: center;\n\t\t\t\twidth: 11%;\n\t\t\t}\n\t\t\t#gallery-4 img {\n\t\t\t\tborder: 2px solid #cfcfcf;\n\t\t\t}\n\t\t\t#gallery-4 .gallery-caption {\n\t\t\t\tmargin-left: 0;\n\t\t\t}\n\t\t\t\/* see gallery_shortcode() in wp-includes\/media.php *\/\n\t\t<\/style>\n\t\t<div id='gallery-4' class='gallery galleryid-22 gallery-columns-9 gallery-size-thumbnail'><dl class='gallery-item'>\n\t\t\t<dt class='gallery-icon landscape'>\n\t\t\t\t<a title=\"\" href='https:\/\/zaansekoopmanshuis.nl\/wp-content\/uploads\/2017\/03\/foto1-2.jpg'><img loading=\"lazy\" decoding=\"async\" width=\"80\" height=\"80\" src=\"https:\/\/zaansekoopmanshuis.nl\/wp-content\/uploads\/2017\/03\/foto1-2-80x80.jpg\" class=\"attachment-thumbnail size-thumbnail\" alt=\"\" srcset=\"https:\/\/zaansekoopmanshuis.nl\/wp-content\/uploads\/2017\/03\/foto1-2-80x80.jpg 80w, https:\/\/zaansekoopmanshuis.nl\/wp-content\/uploads\/2017\/03\/foto1-2-150x150.jpg 150w\" sizes=\"auto, (max-width: 80px) 100vw, 80px\" \/><\/a>\n\t\t\t<\/dt><\/dl><dl class='gallery-item'>\n\t\t\t<dt class='gallery-icon portrait'>\n\t\t\t\t<a title=\"\" href='https:\/\/zaansekoopmanshuis.nl\/wp-content\/uploads\/2017\/03\/foto2-2.jpg'><img loading=\"lazy\" decoding=\"async\" width=\"80\" height=\"80\" src=\"https:\/\/zaansekoopmanshuis.nl\/wp-content\/uploads\/2017\/03\/foto2-2-80x80.jpg\" class=\"attachment-thumbnail size-thumbnail\" alt=\"\" srcset=\"https:\/\/zaansekoopmanshuis.nl\/wp-content\/uploads\/2017\/03\/foto2-2-80x80.jpg 80w, https:\/\/zaansekoopmanshuis.nl\/wp-content\/uploads\/2017\/03\/foto2-2-150x150.jpg 150w\" sizes=\"auto, (max-width: 80px) 100vw, 80px\" \/><\/a>\n\t\t\t<\/dt><\/dl><dl class='gallery-item'>\n\t\t\t<dt class='gallery-icon landscape'>\n\t\t\t\t<a title=\"\" href='https:\/\/zaansekoopmanshuis.nl\/wp-content\/uploads\/2017\/03\/foto3-2.jpg'><img loading=\"lazy\" decoding=\"async\" width=\"80\" height=\"80\" src=\"https:\/\/zaansekoopmanshuis.nl\/wp-content\/uploads\/2017\/03\/foto3-2-80x80.jpg\" class=\"attachment-thumbnail size-thumbnail\" alt=\"\" srcset=\"https:\/\/zaansekoopmanshuis.nl\/wp-content\/uploads\/2017\/03\/foto3-2-80x80.jpg 80w, https:\/\/zaansekoopmanshuis.nl\/wp-content\/uploads\/2017\/03\/foto3-2-150x150.jpg 150w\" sizes=\"auto, (max-width: 80px) 100vw, 80px\" \/><\/a>\n\t\t\t<\/dt><\/dl><dl class='gallery-item'>\n\t\t\t<dt class='gallery-icon portrait'>\n\t\t\t\t<a title=\"\" href='https:\/\/zaansekoopmanshuis.nl\/wp-content\/uploads\/2017\/03\/foto4-2.jpg'><img loading=\"lazy\" decoding=\"async\" width=\"80\" height=\"80\" src=\"https:\/\/zaansekoopmanshuis.nl\/wp-content\/uploads\/2017\/03\/foto4-2-80x80.jpg\" class=\"attachment-thumbnail size-thumbnail\" alt=\"\" srcset=\"https:\/\/zaansekoopmanshuis.nl\/wp-content\/uploads\/2017\/03\/foto4-2-80x80.jpg 80w, https:\/\/zaansekoopmanshuis.nl\/wp-content\/uploads\/2017\/03\/foto4-2-150x150.jpg 150w\" sizes=\"auto, (max-width: 80px) 100vw, 80px\" \/><\/a>\n\t\t\t<\/dt><\/dl><dl class='gallery-item'>\n\t\t\t<dt class='gallery-icon landscape'>\n\t\t\t\t<a title=\"\" href='https:\/\/zaansekoopmanshuis.nl\/wp-content\/uploads\/2017\/03\/foto5-2.jpg'><img loading=\"lazy\" decoding=\"async\" width=\"80\" height=\"80\" src=\"https:\/\/zaansekoopmanshuis.nl\/wp-content\/uploads\/2017\/03\/foto5-2-80x80.jpg\" class=\"attachment-thumbnail size-thumbnail\" alt=\"\" srcset=\"https:\/\/zaansekoopmanshuis.nl\/wp-content\/uploads\/2017\/03\/foto5-2-80x80.jpg 80w, https:\/\/zaansekoopmanshuis.nl\/wp-content\/uploads\/2017\/03\/foto5-2-150x150.jpg 150w\" sizes=\"auto, (max-width: 80px) 100vw, 80px\" \/><\/a>\n\t\t\t<\/dt><\/dl><dl class='gallery-item'>\n\t\t\t<dt class='gallery-icon landscape'>\n\t\t\t\t<a title=\"\" href='https:\/\/zaansekoopmanshuis.nl\/wp-content\/uploads\/2017\/03\/foto6-2.jpg'><img loading=\"lazy\" decoding=\"async\" width=\"80\" height=\"80\" src=\"https:\/\/zaansekoopmanshuis.nl\/wp-content\/uploads\/2017\/03\/foto6-2-80x80.jpg\" class=\"attachment-thumbnail size-thumbnail\" alt=\"\" srcset=\"https:\/\/zaansekoopmanshuis.nl\/wp-content\/uploads\/2017\/03\/foto6-2-80x80.jpg 80w, https:\/\/zaansekoopmanshuis.nl\/wp-content\/uploads\/2017\/03\/foto6-2-150x150.jpg 150w\" sizes=\"auto, (max-width: 80px) 100vw, 80px\" \/><\/a>\n\t\t\t<\/dt><\/dl><dl class='gallery-item'>\n\t\t\t<dt class='gallery-icon portrait'>\n\t\t\t\t<a title=\"\" href='https:\/\/zaansekoopmanshuis.nl\/wp-content\/uploads\/2017\/03\/foto7-2.jpg'><img loading=\"lazy\" decoding=\"async\" width=\"80\" height=\"80\" src=\"https:\/\/zaansekoopmanshuis.nl\/wp-content\/uploads\/2017\/03\/foto7-2-80x80.jpg\" class=\"attachment-thumbnail size-thumbnail\" alt=\"\" srcset=\"https:\/\/zaansekoopmanshuis.nl\/wp-content\/uploads\/2017\/03\/foto7-2-80x80.jpg 80w, https:\/\/zaansekoopmanshuis.nl\/wp-content\/uploads\/2017\/03\/foto7-2-150x150.jpg 150w\" sizes=\"auto, (max-width: 80px) 100vw, 80px\" \/><\/a>\n\t\t\t<\/dt><\/dl><dl class='gallery-item'>\n\t\t\t<dt class='gallery-icon landscape'>\n\t\t\t\t<a title=\"\" href='https:\/\/zaansekoopmanshuis.nl\/wp-content\/uploads\/2017\/03\/foto8-2.jpg'><img loading=\"lazy\" decoding=\"async\" width=\"80\" height=\"80\" src=\"https:\/\/zaansekoopmanshuis.nl\/wp-content\/uploads\/2017\/03\/foto8-2-80x80.jpg\" class=\"attachment-thumbnail size-thumbnail\" alt=\"\" srcset=\"https:\/\/zaansekoopmanshuis.nl\/wp-content\/uploads\/2017\/03\/foto8-2-80x80.jpg 80w, https:\/\/zaansekoopmanshuis.nl\/wp-content\/uploads\/2017\/03\/foto8-2-150x150.jpg 150w\" sizes=\"auto, (max-width: 80px) 100vw, 80px\" \/><\/a>\n\t\t\t<\/dt><\/dl><dl class='gallery-item'>\n\t\t\t<dt class='gallery-icon landscape'>\n\t\t\t\t<a title=\"\" href='https:\/\/zaansekoopmanshuis.nl\/wp-content\/uploads\/2017\/03\/foto10-2.jpg'><img loading=\"lazy\" decoding=\"async\" width=\"80\" height=\"80\" src=\"https:\/\/zaansekoopmanshuis.nl\/wp-content\/uploads\/2017\/03\/foto10-2-80x80.jpg\" class=\"attachment-thumbnail size-thumbnail\" alt=\"\" srcset=\"https:\/\/zaansekoopmanshuis.nl\/wp-content\/uploads\/2017\/03\/foto10-2-80x80.jpg 80w, https:\/\/zaansekoopmanshuis.nl\/wp-content\/uploads\/2017\/03\/foto10-2-150x150.jpg 150w\" sizes=\"auto, (max-width: 80px) 100vw, 80px\" \/><\/a>\n\t\t\t<\/dt><\/dl><br style=\"clear: both\" \/><dl class='gallery-item'>\n\t\t\t<dt class='gallery-icon landscape'>\n\t\t\t\t<a title=\"\" href='https:\/\/zaansekoopmanshuis.nl\/wp-content\/uploads\/2017\/03\/foto11-1.jpg'><img loading=\"lazy\" decoding=\"async\" width=\"80\" height=\"80\" src=\"https:\/\/zaansekoopmanshuis.nl\/wp-content\/uploads\/2017\/03\/foto11-1-80x80.jpg\" class=\"attachment-thumbnail size-thumbnail\" alt=\"\" srcset=\"https:\/\/zaansekoopmanshuis.nl\/wp-content\/uploads\/2017\/03\/foto11-1-80x80.jpg 80w, https:\/\/zaansekoopmanshuis.nl\/wp-content\/uploads\/2017\/03\/foto11-1-150x150.jpg 150w\" sizes=\"auto, (max-width: 80px) 100vw, 80px\" \/><\/a>\n\t\t\t<\/dt><\/dl>\n\t\t\t<br style='clear: both' \/>\n\t\t<\/div>\n\n<p>Mit dem Auto in ca. 30 Minuten, aber zum Teil auch f\u00fcr den ge\u00fcbten Radfahrer erreichbar, liegen Haarlem, Beverwijk mit dem <a href=\"http:\/\/www.debazaar.nl\/\" target=\"_blank\" rel=\"noopener\">Zwarte Markt<\/a> &#8211; dem gr\u00f6\u00dften \u00fcberdachten Markt Europas -, Purmerend, <a href=\"http:\/\/www.kaasmarkt.nl\/welcome.asp?lang=0\" target=\"_blank\" rel=\"noopener\">Alkmaar<\/a>, Broek in Waterland, De Rijp, Monnickendam, <a href=\"http:\/\/www.edam.com\/\" target=\"_blank\" rel=\"noopener\">Edam<\/a>, <a href=\"http:\/\/www.vvv-volendam.nl\/nl\/\" target=\"_blank\" rel=\"noopener\">Volendam<\/a>, <a href=\"http:\/\/rondmarken.nl\/\" target=\"_blank\" rel=\"noopener\">Marken<\/a>, <a href=\"http:\/\/www.bloeiendzijpe.nl\/\" target=\"_blank\" rel=\"noopener\">Tulpenfelder<\/a>, und die Nordsee mit Strand und D\u00fcnen. Touristisches Informationsmaterial, Fahrr\u00e4der und Fahrradkarten sowie ein abschlie\u00dfbarer Fahrradstellplatz stehen Ihnen zur Verf\u00fcgung.<\/p>\n<p><\/p>","protected":false},"excerpt":{"rendered":"<p>Mit dem Auto in ca. 30 Minuten, aber zum Teil auch f\u00fcr den ge\u00fcbten Radfahrer erreichbar, liegen Haarlem, Beverwijk mit dem Zwarte Markt &#8211; dem gr\u00f6\u00dften \u00fcberdachten Markt Europas -, Purmerend, Alkmaar, Broek in Waterland, De Rijp, Monnickendam, Edam, Volendam, &hellip; <a href=\"https:\/\/zaansekoopmanshuis.nl\/de\/omgeving\/\"><em>Lees verder<span class=\"meta-nav\">&#8230;<\/span><\/em><\/a><\/em><\/p>\n","protected":false},"author":1,"featured_media":0,"parent":0,"menu_order":0,"comment_status":"closed","ping_status":"closed","template":"","meta":{"_acf_changed":false,"footnotes":""},"class_list":["post-22","page","type-page","status-publish","hentry"],"acf":[],"_links":{"self":[{"href":"https:\/\/zaansekoopmanshuis.nl\/de\/wp-json\/wp\/v2\/pages\/22","targetHints":{"allow":["GET"]}}],"collection":[{"href":"https:\/\/zaansekoopmanshuis.nl\/de\/wp-json\/wp\/v2\/pages"}],"about":[{"href":"https:\/\/zaansekoopmanshuis.nl\/de\/wp-json\/wp\/v2\/types\/page"}],"author":[{"embeddable":true,"href":"https:\/\/zaansekoopmanshuis.nl\/de\/wp-json\/wp\/v2\/users\/1"}],"replies":[{"embeddable":true,"href":"https:\/\/zaansekoopmanshuis.nl\/de\/wp-json\/wp\/v2\/comments?post=22"}],"version-history":[{"count":5,"href":"https:\/\/zaansekoopmanshuis.nl\/de\/wp-json\/wp\/v2\/pages\/22\/revisions"}],"predecessor-version":[{"id":1111,"href":"https:\/\/zaansekoopmanshuis.nl\/de\/wp-json\/wp\/v2\/pages\/22\/revisions\/1111"}],"wp:attachment":[{"href":"https:\/\/zaansekoopmanshuis.nl\/de\/wp-json\/wp\/v2\/media?parent=22"}],"curies":[{"name":"wp","href":"https:\/\/api.w.org\/{rel}","templated":true}]}}