{"id":25,"date":"2017-03-13T10:57:58","date_gmt":"2017-03-13T09:57:58","guid":{"rendered":"http:\/\/zaansekoopmanshuis.nl\/?page_id=25"},"modified":"2025-10-07T21:54:21","modified_gmt":"2025-10-07T19:54:21","slug":"prijzen","status":"publish","type":"page","link":"https:\/\/zaansekoopmanshuis.nl\/de\/prijzen\/","title":{"rendered":"Preise"},"content":{"rendered":"<p><\/p>\n<p><strong>G\u00e4stezimmer<\/strong><\/p>\n<ul id=\"prijzen\">\n<li>Die Preis vom G\u00e4stezimmer ist \u20ac 105,- pro \u00dcbernachtung f\u00fcr zwei Personen, Selbsplegung. <strong>Das Zimmer is nicht zu Verfugung!<\/strong><\/li>\n<li>Die Preis ist alles inklusive aber exklusive die Kur Tax\/ Tourist Steuer von \u20ac 5,- pro Person pro Nacht<\/li>\n<li>Wir fragen ein Minimum von vier \u00dcbernachtungen.<br \/>\nDas G\u00e4stezimmer ist f\u00fcr maximal zwei Personen geeignet.<\/li>\n<\/ul>\n<p><strong>Appartement<\/strong><\/p>\n<ul id=\"prijzen\">\n<li>Die Preis vom Apartement ist \u20ac 145- pro \u00dcbernachtung f\u00fcr ein Maximum von zwei Personen (Selbtsversorgung)<\/li>\n<li>Die Preis ist alles inklusive aber exklusive die Kur Tax\/ Tourist Steuer von \u20ac 5 pro Person pro Nacht<\/li>\n<li>Wir fragen ein Minimum von vier \u00dcbernachtungen.\u00a0<\/li>\n<\/ul>\n<p><strong>Die Preise sind inklusive:<\/strong> 9 % \/ 21 % (ab 1\/1\/2026) Mehrwertsteuer,\u00a0 Endreinigung, Energiekosten, Wifi, sowie dem Gebaruch von Bettw\u00e4sche, Badem\u00e4nteln, K\u00fcchent\u00fcchern, Kaffee, Tee, Toiletten- und Saunaartikeln.<\/p>\n<p><span style=\"color: #000000;\"><b>Parken:\u00a0<\/b>frei Parken entlang die Strasse<\/span><\/p>\n<p><strong>Fahrradabstellraum:<\/strong> abschlie\u00dfbarer Fahrradabstellraum vorhanden.<\/p>\n<p><\/p>","protected":false},"excerpt":{"rendered":"<p>G\u00e4stezimmer Die Preis vom G\u00e4stezimmer ist \u20ac 105,- pro \u00dcbernachtung f\u00fcr zwei Personen, Selbsplegung. Das Zimmer is nicht zu Verfugung! Die Preis ist alles inklusive aber exklusive die Kur Tax\/ Tourist Steuer von \u20ac 5,- pro Person pro Nacht Wir &hellip; <a href=\"https:\/\/zaansekoopmanshuis.nl\/de\/prijzen\/\"><em>Lees verder<span class=\"meta-nav\">&#8230;<\/span><\/em><\/a><\/em><\/p>\n","protected":false},"author":1,"featured_media":0,"parent":0,"menu_order":0,"comment_status":"closed","ping_status":"closed","template":"","meta":{"_acf_changed":false,"footnotes":""},"class_list":["post-25","page","type-page","status-publish","hentry"],"acf":[],"_links":{"self":[{"href":"https:\/\/zaansekoopmanshuis.nl\/de\/wp-json\/wp\/v2\/pages\/25","targetHints":{"allow":["GET"]}}],"collection":[{"href":"https:\/\/zaansekoopmanshuis.nl\/de\/wp-json\/wp\/v2\/pages"}],"about":[{"href":"https:\/\/zaansekoopmanshuis.nl\/de\/wp-json\/wp\/v2\/types\/page"}],"author":[{"embeddable":true,"href":"https:\/\/zaansekoopmanshuis.nl\/de\/wp-json\/wp\/v2\/users\/1"}],"replies":[{"embeddable":true,"href":"https:\/\/zaansekoopmanshuis.nl\/de\/wp-json\/wp\/v2\/comments?post=25"}],"version-history":[{"count":14,"href":"https:\/\/zaansekoopmanshuis.nl\/de\/wp-json\/wp\/v2\/pages\/25\/revisions"}],"predecessor-version":[{"id":3573,"href":"https:\/\/zaansekoopmanshuis.nl\/de\/wp-json\/wp\/v2\/pages\/25\/revisions\/3573"}],"wp:attachment":[{"href":"https:\/\/zaansekoopmanshuis.nl\/de\/wp-json\/wp\/v2\/media?parent=25"}],"curies":[{"name":"wp","href":"https:\/\/api.w.org\/{rel}","templated":true}]}}