{"id":28,"date":"2017-03-13T10:58:10","date_gmt":"2017-03-13T09:58:10","guid":{"rendered":"http:\/\/zaansekoopmanshuis.nl\/?page_id=28"},"modified":"2024-02-25T20:31:16","modified_gmt":"2024-02-25T19:31:16","slug":"reserveren","status":"publish","type":"page","link":"https:\/\/zaansekoopmanshuis.nl\/de\/reserveren\/","title":{"rendered":"Reservierung Anfrage"},"content":{"rendered":"<p><\/p>\n<p><strong>Unser G\u00e4stezimmer ist nicht verf\u00fcgbar. Sie sind herzlich eingeladen in unserer Wohnung in einem separaten Fl\u00fcgel unseres Hauses. Maximal zwei Personen. Wir bitten um einen Mindestaufenthalt von zwei N\u00e4chten.\u00a0 W\u00e4hrend der Ferien und der Hochsaison vom 1. April bis 15. September und der Weihnachtsferien k\u00f6nnen wir auch einen Mindestaufenthalt von vier N\u00e4chten verlangen. Nur Selbstversorgung.<\/strong><\/p>\n<p><strong>Ankunfts- und Abreisezeitpunkt:<\/strong> Ankunft nach 14.00 Uhr, Abreise vor 11.00 Uhr. Gerne erfahren wir mindestens eine Woche im voraus Ihre geplante Ankunftszeit, sodass wir Sie empfangen k\u00f6nnen und um unn\u00f6tiges Warten zu vermeiden. Bitte teilen Sie auch Ihre Handynummer mit, f\u00fcr alle F\u00e4lle&#8230;<\/p>\n<p><strong>Kinder: leider sind wir nicht geignet f\u00fcr Kinder.\u00a0<\/strong><\/p>\n<p><strong>Haustiere:<\/strong> &#8211; wie klein und lieb sie auch sein m\u00f6gen &#8211; sind leider nicht gestattet.<\/p>\n<p><strong>Rauchen:<\/strong> Im gesamten Haus darf nicht geraucht werden und es d\u00fcrfen auch keine Kerzen angez\u00fcndet werden.<\/p>\n<p><a href=\"..\/route\">Wegbeschreibung<\/a><\/p>\n\n<div class=\"wpcf7 no-js\" id=\"wpcf7-f2594-o4\" lang=\"nl-NL\" dir=\"ltr\" data-wpcf7-id=\"2594\">\n<div class=\"screen-reader-response\"><p role=\"status\" aria-live=\"polite\" aria-atomic=\"true\"><\/p> <ul><\/ul><\/div>\n<form action=\"\/de\/wp-json\/wp\/v2\/pages\/28#wpcf7-f2594-o4\" method=\"post\" class=\"wpcf7-form init\" aria-label=\"Contactformulier\" novalidate=\"novalidate\" data-status=\"init\">\n<fieldset class=\"hidden-fields-container\"><input type=\"hidden\" name=\"_wpcf7\" value=\"2594\" \/><input type=\"hidden\" name=\"_wpcf7_version\" value=\"6.1.5\" \/><input type=\"hidden\" name=\"_wpcf7_locale\" value=\"nl_NL\" \/><input type=\"hidden\" name=\"_wpcf7_unit_tag\" value=\"wpcf7-f2594-o4\" \/><input type=\"hidden\" name=\"_wpcf7_container_post\" value=\"0\" \/><input type=\"hidden\" name=\"_wpcf7_posted_data_hash\" value=\"\" \/>\n<\/fieldset>\n<p style=\"text-align: center; font-weight: bold; margin: 8px 0;\">Ihre Angaben\n<\/p>\n<p><label> Name <span>*<\/span><br \/>\n<span class=\"wpcf7-form-control-wrap\" data-name=\"your-name\"><input size=\"40\" maxlength=\"400\" class=\"wpcf7-form-control wpcf7-text wpcf7-validates-as-required\" aria-required=\"true\" aria-invalid=\"false\" value=\"\" type=\"text\" name=\"your-name\" \/><\/span> <\/label>\n<\/p>\n<p><label> Adresse<br \/>\n<span class=\"wpcf7-form-control-wrap\" data-name=\"adres\"><input size=\"40\" maxlength=\"400\" class=\"wpcf7-form-control wpcf7-text\" aria-invalid=\"false\" value=\"\" type=\"text\" name=\"adres\" \/><\/span> <\/label>\n<\/p>\n<p><label> Postleitzahl<br \/>\n<span class=\"wpcf7-form-control-wrap\" data-name=\"postcode\"><input size=\"40\" maxlength=\"400\" class=\"wpcf7-form-control wpcf7-text\" aria-invalid=\"false\" value=\"\" type=\"text\" name=\"postcode\" \/><\/span> <\/label>\n<\/p>\n<p><label> Wohnort<br \/>\n<span class=\"wpcf7-form-control-wrap\" data-name=\"woonplaats\"><input size=\"40\" maxlength=\"400\" class=\"wpcf7-form-control wpcf7-text\" aria-invalid=\"false\" value=\"\" type=\"text\" name=\"woonplaats\" \/><\/span> <\/label>\n<\/p>\n<p><label> Land<br \/>\n<span class=\"wpcf7-form-control-wrap\" data-name=\"land\"><input size=\"40\" maxlength=\"400\" class=\"wpcf7-form-control wpcf7-text\" aria-invalid=\"false\" value=\"\" type=\"text\" name=\"land\" \/><\/span> <\/label>\n<\/p>\n<p><label> E-mail <span>*<\/span><br \/>\n<span class=\"wpcf7-form-control-wrap\" data-name=\"your-email\"><input size=\"40\" maxlength=\"400\" class=\"wpcf7-form-control wpcf7-email wpcf7-validates-as-required wpcf7-text wpcf7-validates-as-email\" aria-required=\"true\" aria-invalid=\"false\" value=\"\" type=\"email\" name=\"your-email\" \/><\/span> <\/label>\n<\/p>\n<p><label> Telefonnummer<br \/>\n<span class=\"wpcf7-form-control-wrap\" data-name=\"telefoonnummer\"><input size=\"40\" maxlength=\"400\" class=\"wpcf7-form-control wpcf7-tel wpcf7-text wpcf7-validates-as-tel\" aria-invalid=\"false\" value=\"\" type=\"tel\" name=\"telefoonnummer\" \/><\/span> <\/label>\n<\/p>\n<p><label> Handynummer<br \/>\n<span class=\"wpcf7-form-control-wrap\" data-name=\"mobiel\"><input size=\"40\" maxlength=\"400\" class=\"wpcf7-form-control wpcf7-tel wpcf7-text wpcf7-validates-as-tel\" aria-invalid=\"false\" value=\"\" type=\"tel\" name=\"mobiel\" \/><\/span> <\/label>\n<\/p>\n<p style=\"text-align: center; font-weight: bold; margin: 8px 0;\">Anzahl Personen\n<\/p>\n<p><label> Erwachsene <span>*<\/span><br \/>\n<span class=\"wpcf7-form-control-wrap\" data-name=\"volwassenen\"><select class=\"wpcf7-form-control wpcf7-select\" aria-invalid=\"false\" name=\"volwassenen\"><option value=\"1\">1<\/option><option value=\"2\">2<\/option><option value=\"3\">3<\/option><option value=\"4\">4<\/option><option value=\"5\">5<\/option><option value=\"6\">6<\/option><option value=\"7\">7<\/option><option value=\"8\">8<\/option><\/select><\/span> <\/label>\n<\/p>\n<p><label> Kinder<br \/>\n<span class=\"wpcf7-form-control-wrap\" data-name=\"kinderen\"><select class=\"wpcf7-form-control wpcf7-select\" aria-invalid=\"false\" name=\"kinderen\"><option value=\"0\">0<\/option><option value=\"1\">1<\/option><option value=\"2\">2<\/option><option value=\"3\">3<\/option><option value=\"4\">4<\/option><option value=\"5\">5<\/option><option value=\"6\">6<\/option><option value=\"7\">7<\/option><option value=\"8\">8<\/option><\/select><\/span> <\/label>\n<\/p>\n<p><label> Alter der Kinder<br \/>\n<span class=\"wpcf7-form-control-wrap\" data-name=\"leeftijden-kinderen\"><input size=\"40\" maxlength=\"400\" class=\"wpcf7-form-control wpcf7-text\" aria-invalid=\"false\" value=\"\" type=\"text\" name=\"leeftijden-kinderen\" \/><\/span> <\/label>\n<\/p>\n<p style=\"text-align: center; font-weight: bold; margin: 8px 0;\">Gew\u00fcnschte Zimmer, Ankunft und Abreise\n<\/p>\n<p><label> Gew\u00fcnschte(s) Zimmer<br \/>\n<span class=\"wpcf7-form-control-wrap\" data-name=\"gewenste-kamers\"><input size=\"40\" maxlength=\"400\" class=\"wpcf7-form-control wpcf7-text\" aria-invalid=\"false\" value=\"\" type=\"text\" name=\"gewenste-kamers\" \/><\/span> <\/label>\n<\/p>\n<p><label> Datum Ankunft<br \/>\n<span class=\"wpcf7-form-control-wrap\" data-name=\"aankomst\"><input class=\"wpcf7-form-control wpcf7-date wpcf7-validates-as-date\" aria-invalid=\"false\" value=\"\" type=\"date\" name=\"aankomst\" \/><\/span> <\/label>\n<\/p>\n<p><label> Gesch\u00e4tzte Ankunftszeit<br \/>\n<span class=\"wpcf7-form-control-wrap\" data-name=\"aankomsttijd\"><input size=\"40\" maxlength=\"400\" class=\"wpcf7-form-control wpcf7-text\" aria-invalid=\"false\" value=\"\" type=\"text\" name=\"aankomsttijd\" \/><\/span> <\/label>\n<\/p>\n<p><label> Datum Abreise<br \/>\n<span class=\"wpcf7-form-control-wrap\" data-name=\"vertrek\"><input class=\"wpcf7-form-control wpcf7-date wpcf7-validates-as-date\" aria-invalid=\"false\" value=\"\" type=\"date\" name=\"vertrek\" \/><\/span> <\/label>\n<\/p>\n<p style=\"text-align: center; font-weight: bold; margin: 8px 0;\">Ihre Fragen und Anmerkungen\n<\/p>\n<p><label> Bericht<br \/>\n<span class=\"wpcf7-form-control-wrap\" data-name=\"bericht\"><textarea cols=\"40\" rows=\"8\" maxlength=\"2000\" class=\"wpcf7-form-control wpcf7-textarea\" aria-invalid=\"false\" name=\"bericht\"><\/textarea><\/span> <\/label>\n<\/p>\n<p><input class=\"wpcf7-form-control wpcf7-submit has-spinner\" type=\"submit\" value=\"Versenden\" \/>\n<\/p><p style=\"display: none !important;\" class=\"akismet-fields-container\" data-prefix=\"_wpcf7_ak_\"><label>&#916;<textarea name=\"_wpcf7_ak_hp_textarea\" cols=\"45\" rows=\"8\" maxlength=\"100\"><\/textarea><\/label><input type=\"hidden\" id=\"ak_js_4\" name=\"_wpcf7_ak_js\" value=\"34\"\/><script>document.getElementById( \"ak_js_4\" ).setAttribute( \"value\", ( new Date() ).getTime() );<\/script><\/p><div class=\"wpcf7-response-output\" aria-hidden=\"true\"><\/div>\n<\/form>\n<\/div>\n\n<p><\/p>","protected":false},"excerpt":{"rendered":"<p>Unser G\u00e4stezimmer ist nicht verf\u00fcgbar. Sie sind herzlich eingeladen in unserer Wohnung in einem separaten Fl\u00fcgel unseres Hauses. Maximal zwei Personen. Wir bitten um einen Mindestaufenthalt von zwei N\u00e4chten.\u00a0 W\u00e4hrend der Ferien und der Hochsaison vom 1. April bis 15. &hellip; <a href=\"https:\/\/zaansekoopmanshuis.nl\/de\/reserveren\/\"><em>Lees verder<span class=\"meta-nav\">&#8230;<\/span><\/em><\/a><\/em><\/p>\n","protected":false},"author":1,"featured_media":0,"parent":0,"menu_order":0,"comment_status":"closed","ping_status":"closed","template":"","meta":{"_acf_changed":false,"footnotes":""},"class_list":["post-28","page","type-page","status-publish","hentry"],"acf":[],"_links":{"self":[{"href":"https:\/\/zaansekoopmanshuis.nl\/de\/wp-json\/wp\/v2\/pages\/28","targetHints":{"allow":["GET"]}}],"collection":[{"href":"https:\/\/zaansekoopmanshuis.nl\/de\/wp-json\/wp\/v2\/pages"}],"about":[{"href":"https:\/\/zaansekoopmanshuis.nl\/de\/wp-json\/wp\/v2\/types\/page"}],"author":[{"embeddable":true,"href":"https:\/\/zaansekoopmanshuis.nl\/de\/wp-json\/wp\/v2\/users\/1"}],"replies":[{"embeddable":true,"href":"https:\/\/zaansekoopmanshuis.nl\/de\/wp-json\/wp\/v2\/comments?post=28"}],"version-history":[{"count":5,"href":"https:\/\/zaansekoopmanshuis.nl\/de\/wp-json\/wp\/v2\/pages\/28\/revisions"}],"predecessor-version":[{"id":3253,"href":"https:\/\/zaansekoopmanshuis.nl\/de\/wp-json\/wp\/v2\/pages\/28\/revisions\/3253"}],"wp:attachment":[{"href":"https:\/\/zaansekoopmanshuis.nl\/de\/wp-json\/wp\/v2\/media?parent=28"}],"curies":[{"name":"wp","href":"https:\/\/api.w.org\/{rel}","templated":true}]}}