{"id":31,"date":"2017-03-13T10:58:22","date_gmt":"2017-03-13T09:58:22","guid":{"rendered":"http:\/\/zaansekoopmanshuis.nl\/?page_id=31"},"modified":"2023-09-05T10:58:45","modified_gmt":"2023-09-05T08:58:45","slug":"gastenboek","status":"publish","type":"page","link":"https:\/\/zaansekoopmanshuis.nl\/de\/gastenboek\/","title":{"rendered":"G\u00e4stebuch"},"content":{"rendered":"<p><\/p>\n<p>Hier sehen sie Eintragungen unserer G\u00e4ste. M\u00f6chten Sie auch einen Kommentar hinzuf\u00fcgen?<br \/>\n(Ihr Bericht wird nicht automatisch auf der Website gezeigt)<\/p>\n<p><\/p>","protected":false},"excerpt":{"rendered":"<p>Hier sehen sie Eintragungen unserer G\u00e4ste. M\u00f6chten Sie auch einen Kommentar hinzuf\u00fcgen? (Ihr Bericht wird nicht automatisch auf der Website gezeigt)<\/p>\n","protected":false},"author":1,"featured_media":0,"parent":0,"menu_order":0,"comment_status":"open","ping_status":"closed","template":"","meta":{"_acf_changed":false,"footnotes":""},"class_list":["post-31","page","type-page","status-publish","hentry"],"acf":[],"_links":{"self":[{"href":"https:\/\/zaansekoopmanshuis.nl\/de\/wp-json\/wp\/v2\/pages\/31","targetHints":{"allow":["GET"]}}],"collection":[{"href":"https:\/\/zaansekoopmanshuis.nl\/de\/wp-json\/wp\/v2\/pages"}],"about":[{"href":"https:\/\/zaansekoopmanshuis.nl\/de\/wp-json\/wp\/v2\/types\/page"}],"author":[{"embeddable":true,"href":"https:\/\/zaansekoopmanshuis.nl\/de\/wp-json\/wp\/v2\/users\/1"}],"replies":[{"embeddable":true,"href":"https:\/\/zaansekoopmanshuis.nl\/de\/wp-json\/wp\/v2\/comments?post=31"}],"version-history":[{"count":5,"href":"https:\/\/zaansekoopmanshuis.nl\/de\/wp-json\/wp\/v2\/pages\/31\/revisions"}],"predecessor-version":[{"id":3079,"href":"https:\/\/zaansekoopmanshuis.nl\/de\/wp-json\/wp\/v2\/pages\/31\/revisions\/3079"}],"wp:attachment":[{"href":"https:\/\/zaansekoopmanshuis.nl\/de\/wp-json\/wp\/v2\/media?parent=31"}],"curies":[{"name":"wp","href":"https:\/\/api.w.org\/{rel}","templated":true}]}}