{"id":6,"date":"2017-03-13T09:50:35","date_gmt":"2017-03-13T08:50:35","guid":{"rendered":"http:\/\/zaansekoopmanshuis.nl\/?page_id=6"},"modified":"2021-06-18T21:00:28","modified_gmt":"2021-06-18T19:00:28","slug":"home","status":"publish","type":"page","link":"https:\/\/zaansekoopmanshuis.nl\/de\/","title":{"rendered":"Home"},"content":{"rendered":"<p><\/p>\n<div class=\"kolom-links\">\n<p>Zum \u201e&#8217;t Zaanse Koopmanshuis Anno 1694\u201c geh\u00f6ren ein gem\u00fctliches G\u00e4stezimmer mit eigenem Badezimmer und ein luxuri\u00f6ses Appartement mit K\u00fcche, Badezimmer mit Jacuzzi , und einer finnischen Privatsauna. Dank seiner zentralen Lage ist &#8218;t Zaanse Koopmanshuis ein idealer Ausgangspunkt zur Erkundung des Zaangebiets, f\u00fcr einen Strandausflug sowie f\u00fcr einen Besuch an Amsterdam oder an eine der zahlreichen anderen touristischen Attraktionen Nordhollands.<\/p>\n<\/div>\n<div class=\"kolom-rechts\">\n<p>Nur einen kurzen Fu\u00dfweg entfernt befinden sich: Bahnhof Zaandijk Zaanse Schans, mit Direktverbindung nach Amsterdam Centraal (ca. 15 Minuten Fahrzeit, viermal pro Stunde); das bekannte Freilichtmuseum \u201eDe Zaanse Schans\u201c mit seinen Windm\u00fchlen, K\u00e4sereien und Holzschuhmachereien; ein weiteres Windm\u00fchlenmuseum; Gesch\u00e4fte, Supermarkt, f\u00fcnf Restaurants, Stra\u00dfencaf\u00e9s, Rundfahrtbote sowie ein Schwimmbad. In direkter Umgebung gibt es sch\u00f6ne Wander- und Radwege sowie Kanurouten.<\/p>\n<\/div><div class=\"spacer\"><\/div>\n\n\t\t<style type=\"text\/css\">\n\t\t\t#gallery-4 {\n\t\t\t\tmargin: auto;\n\t\t\t}\n\t\t\t#gallery-4 .gallery-item {\n\t\t\t\tfloat: left;\n\t\t\t\tmargin-top: 10px;\n\t\t\t\ttext-align: center;\n\t\t\t\twidth: 33%;\n\t\t\t}\n\t\t\t#gallery-4 img {\n\t\t\t\tborder: 2px solid #cfcfcf;\n\t\t\t}\n\t\t\t#gallery-4 .gallery-caption {\n\t\t\t\tmargin-left: 0;\n\t\t\t}\n\t\t\t\/* see gallery_shortcode() in wp-includes\/media.php *\/\n\t\t<\/style>\n\t\t<div id='gallery-4' class='gallery galleryid-6 gallery-columns-3 gallery-size-thumbnail'><dl class='gallery-item'>\n\t\t\t<dt class='gallery-icon landscape'>\n\t\t\t\t<a title=\"\" href='https:\/\/zaansekoopmanshuis.nl\/wp-content\/uploads\/2017\/03\/home1.jpg'><img loading=\"lazy\" decoding=\"async\" width=\"80\" height=\"80\" src=\"https:\/\/zaansekoopmanshuis.nl\/wp-content\/uploads\/2017\/03\/home1-80x80.jpg\" class=\"attachment-thumbnail size-thumbnail\" alt=\"\" srcset=\"https:\/\/zaansekoopmanshuis.nl\/wp-content\/uploads\/2017\/03\/home1-80x80.jpg 80w, https:\/\/zaansekoopmanshuis.nl\/wp-content\/uploads\/2017\/03\/home1-150x150.jpg 150w\" sizes=\"auto, (max-width: 80px) 100vw, 80px\" \/><\/a>\n\t\t\t<\/dt><\/dl><dl class='gallery-item'>\n\t\t\t<dt class='gallery-icon landscape'>\n\t\t\t\t<a title=\"\" href='https:\/\/zaansekoopmanshuis.nl\/wp-content\/uploads\/2017\/03\/home2.jpg'><img loading=\"lazy\" decoding=\"async\" width=\"80\" height=\"80\" src=\"https:\/\/zaansekoopmanshuis.nl\/wp-content\/uploads\/2017\/03\/home2-80x80.jpg\" class=\"attachment-thumbnail size-thumbnail\" alt=\"\" srcset=\"https:\/\/zaansekoopmanshuis.nl\/wp-content\/uploads\/2017\/03\/home2-80x80.jpg 80w, https:\/\/zaansekoopmanshuis.nl\/wp-content\/uploads\/2017\/03\/home2-150x150.jpg 150w\" sizes=\"auto, (max-width: 80px) 100vw, 80px\" \/><\/a>\n\t\t\t<\/dt><\/dl><dl class='gallery-item'>\n\t\t\t<dt class='gallery-icon landscape'>\n\t\t\t\t<a title=\"\" href='https:\/\/zaansekoopmanshuis.nl\/wp-content\/uploads\/2017\/03\/home3.jpg'><img loading=\"lazy\" decoding=\"async\" width=\"80\" height=\"80\" src=\"https:\/\/zaansekoopmanshuis.nl\/wp-content\/uploads\/2017\/03\/home3-80x80.jpg\" class=\"attachment-thumbnail size-thumbnail\" alt=\"\" srcset=\"https:\/\/zaansekoopmanshuis.nl\/wp-content\/uploads\/2017\/03\/home3-80x80.jpg 80w, https:\/\/zaansekoopmanshuis.nl\/wp-content\/uploads\/2017\/03\/home3-150x150.jpg 150w\" sizes=\"auto, (max-width: 80px) 100vw, 80px\" \/><\/a>\n\t\t\t<\/dt><\/dl><br style=\"clear: both\" \/><dl class='gallery-item'>\n\t\t\t<dt class='gallery-icon portrait'>\n\t\t\t\t<a title=\"\" href='https:\/\/zaansekoopmanshuis.nl\/wp-content\/uploads\/2017\/03\/home4.jpg'><img loading=\"lazy\" decoding=\"async\" width=\"80\" height=\"80\" src=\"https:\/\/zaansekoopmanshuis.nl\/wp-content\/uploads\/2017\/03\/home4-80x80.jpg\" class=\"attachment-thumbnail size-thumbnail\" alt=\"\" srcset=\"https:\/\/zaansekoopmanshuis.nl\/wp-content\/uploads\/2017\/03\/home4-80x80.jpg 80w, https:\/\/zaansekoopmanshuis.nl\/wp-content\/uploads\/2017\/03\/home4-150x150.jpg 150w\" sizes=\"auto, (max-width: 80px) 100vw, 80px\" \/><\/a>\n\t\t\t<\/dt><\/dl><dl class='gallery-item'>\n\t\t\t<dt class='gallery-icon landscape'>\n\t\t\t\t<a title=\"\" href='https:\/\/zaansekoopmanshuis.nl\/wp-content\/uploads\/2017\/03\/home5.jpg'><img loading=\"lazy\" decoding=\"async\" width=\"80\" height=\"80\" src=\"https:\/\/zaansekoopmanshuis.nl\/wp-content\/uploads\/2017\/03\/home5-80x80.jpg\" class=\"attachment-thumbnail size-thumbnail\" alt=\"\" srcset=\"https:\/\/zaansekoopmanshuis.nl\/wp-content\/uploads\/2017\/03\/home5-80x80.jpg 80w, https:\/\/zaansekoopmanshuis.nl\/wp-content\/uploads\/2017\/03\/home5-150x150.jpg 150w\" sizes=\"auto, (max-width: 80px) 100vw, 80px\" \/><\/a>\n\t\t\t<\/dt><\/dl><dl class='gallery-item'>\n\t\t\t<dt class='gallery-icon landscape'>\n\t\t\t\t<a title=\"\" href='https:\/\/zaansekoopmanshuis.nl\/wp-content\/uploads\/2017\/03\/home6.jpg'><img loading=\"lazy\" decoding=\"async\" width=\"80\" height=\"80\" src=\"https:\/\/zaansekoopmanshuis.nl\/wp-content\/uploads\/2017\/03\/home6-80x80.jpg\" class=\"attachment-thumbnail size-thumbnail\" alt=\"\" srcset=\"https:\/\/zaansekoopmanshuis.nl\/wp-content\/uploads\/2017\/03\/home6-80x80.jpg 80w, https:\/\/zaansekoopmanshuis.nl\/wp-content\/uploads\/2017\/03\/home6-150x150.jpg 150w\" sizes=\"auto, (max-width: 80px) 100vw, 80px\" \/><\/a>\n\t\t\t<\/dt><\/dl><br style=\"clear: both\" \/><dl class='gallery-item'>\n\t\t\t<dt class='gallery-icon landscape'>\n\t\t\t\t<a title=\"\" href='https:\/\/zaansekoopmanshuis.nl\/wp-content\/uploads\/2017\/03\/home7.jpg'><img loading=\"lazy\" decoding=\"async\" width=\"80\" height=\"80\" src=\"https:\/\/zaansekoopmanshuis.nl\/wp-content\/uploads\/2017\/03\/home7-80x80.jpg\" class=\"attachment-thumbnail size-thumbnail\" alt=\"\" srcset=\"https:\/\/zaansekoopmanshuis.nl\/wp-content\/uploads\/2017\/03\/home7-80x80.jpg 80w, https:\/\/zaansekoopmanshuis.nl\/wp-content\/uploads\/2017\/03\/home7-150x150.jpg 150w\" sizes=\"auto, (max-width: 80px) 100vw, 80px\" \/><\/a>\n\t\t\t<\/dt><\/dl><dl class='gallery-item'>\n\t\t\t<dt class='gallery-icon landscape'>\n\t\t\t\t<a title=\"\" href='https:\/\/zaansekoopmanshuis.nl\/wp-content\/uploads\/2017\/03\/home8.jpg'><img loading=\"lazy\" decoding=\"async\" width=\"80\" height=\"80\" src=\"https:\/\/zaansekoopmanshuis.nl\/wp-content\/uploads\/2017\/03\/home8-80x80.jpg\" class=\"attachment-thumbnail size-thumbnail\" alt=\"\" srcset=\"https:\/\/zaansekoopmanshuis.nl\/wp-content\/uploads\/2017\/03\/home8-80x80.jpg 80w, https:\/\/zaansekoopmanshuis.nl\/wp-content\/uploads\/2017\/03\/home8-150x150.jpg 150w\" sizes=\"auto, (max-width: 80px) 100vw, 80px\" \/><\/a>\n\t\t\t<\/dt><\/dl><dl class='gallery-item'>\n\t\t\t<dt class='gallery-icon landscape'>\n\t\t\t\t<a title=\"\" href='https:\/\/zaansekoopmanshuis.nl\/wp-content\/uploads\/2017\/03\/home9.jpg'><img loading=\"lazy\" decoding=\"async\" width=\"80\" height=\"80\" src=\"https:\/\/zaansekoopmanshuis.nl\/wp-content\/uploads\/2017\/03\/home9-80x80.jpg\" class=\"attachment-thumbnail size-thumbnail\" alt=\"\" srcset=\"https:\/\/zaansekoopmanshuis.nl\/wp-content\/uploads\/2017\/03\/home9-80x80.jpg 80w, https:\/\/zaansekoopmanshuis.nl\/wp-content\/uploads\/2017\/03\/home9-150x150.jpg 150w\" sizes=\"auto, (max-width: 80px) 100vw, 80px\" \/><\/a>\n\t\t\t<\/dt><\/dl><br style=\"clear: both\" \/><dl class='gallery-item'>\n\t\t\t<dt class='gallery-icon landscape'>\n\t\t\t\t<a title=\"\" href='https:\/\/zaansekoopmanshuis.nl\/wp-content\/uploads\/2017\/03\/home10.jpg'><img loading=\"lazy\" decoding=\"async\" width=\"80\" height=\"80\" src=\"https:\/\/zaansekoopmanshuis.nl\/wp-content\/uploads\/2017\/03\/home10-80x80.jpg\" class=\"attachment-thumbnail size-thumbnail\" alt=\"\" srcset=\"https:\/\/zaansekoopmanshuis.nl\/wp-content\/uploads\/2017\/03\/home10-80x80.jpg 80w, https:\/\/zaansekoopmanshuis.nl\/wp-content\/uploads\/2017\/03\/home10-150x150.jpg 150w\" sizes=\"auto, (max-width: 80px) 100vw, 80px\" \/><\/a>\n\t\t\t<\/dt><\/dl><dl class='gallery-item'>\n\t\t\t<dt class='gallery-icon landscape'>\n\t\t\t\t<a title=\"\" href='https:\/\/zaansekoopmanshuis.nl\/wp-content\/uploads\/2017\/03\/home11.jpg'><img loading=\"lazy\" decoding=\"async\" width=\"80\" height=\"80\" src=\"https:\/\/zaansekoopmanshuis.nl\/wp-content\/uploads\/2017\/03\/home11-80x80.jpg\" class=\"attachment-thumbnail size-thumbnail\" alt=\"\" srcset=\"https:\/\/zaansekoopmanshuis.nl\/wp-content\/uploads\/2017\/03\/home11-80x80.jpg 80w, https:\/\/zaansekoopmanshuis.nl\/wp-content\/uploads\/2017\/03\/home11-150x150.jpg 150w\" sizes=\"auto, (max-width: 80px) 100vw, 80px\" \/><\/a>\n\t\t\t<\/dt><\/dl>\n\t\t\t<br style='clear: both' \/>\n\t\t<\/div>\n\n<p>Es sind nur ca. 30 Autominuten zu den historischen Stadtzentren von Haarlem und Alkmaar (freitags K\u00e4semarkt), zu den alten, malerischen St\u00e4dtchen Monnickendam, Edam und zu dem historischen Fischerdorf Volendam am Ijsselmeer. Etwas weiter entfernt liegen Hoorn und Enkhuizen, sowie die pittoreske, ehemalige Insel Marken. Richtung Westen kommt man nach Beverwijk mit dem \u201eZwarte Markt\u201c, dem gr\u00f6\u00dften \u00fcberdachten Markt Europas, und zu den popul\u00e4ren Badeorten Zandvoort, Castricum und Egmond aan Zee mit Strand, Meer und D\u00fcnen. Im Fr\u00fchjahr locken die bl\u00fchenden Tulpenfelder. Die meisten Ausflugsziele sind auch gut mit \u00f6ffentlichen Verkehrsmitteln zu erreichen.<\/p>\n<p><\/p>","protected":false},"excerpt":{"rendered":"<p>Es sind nur ca. 30 Autominuten zu den historischen Stadtzentren von Haarlem und Alkmaar (freitags K\u00e4semarkt), zu den alten, malerischen St\u00e4dtchen Monnickendam, Edam und zu dem historischen Fischerdorf Volendam am Ijsselmeer. Etwas weiter entfernt liegen Hoorn und Enkhuizen, sowie die &hellip; <a href=\"https:\/\/zaansekoopmanshuis.nl\/de\/\"><em>Lees verder<span class=\"meta-nav\">&#8230;<\/span><\/em><\/a><\/em><\/p>\n","protected":false},"author":1,"featured_media":0,"parent":0,"menu_order":0,"comment_status":"closed","ping_status":"closed","template":"","meta":{"_acf_changed":false,"footnotes":""},"class_list":["post-6","page","type-page","status-publish","hentry"],"acf":[],"_links":{"self":[{"href":"https:\/\/zaansekoopmanshuis.nl\/de\/wp-json\/wp\/v2\/pages\/6","targetHints":{"allow":["GET"]}}],"collection":[{"href":"https:\/\/zaansekoopmanshuis.nl\/de\/wp-json\/wp\/v2\/pages"}],"about":[{"href":"https:\/\/zaansekoopmanshuis.nl\/de\/wp-json\/wp\/v2\/types\/page"}],"author":[{"embeddable":true,"href":"https:\/\/zaansekoopmanshuis.nl\/de\/wp-json\/wp\/v2\/users\/1"}],"replies":[{"embeddable":true,"href":"https:\/\/zaansekoopmanshuis.nl\/de\/wp-json\/wp\/v2\/comments?post=6"}],"version-history":[{"count":5,"href":"https:\/\/zaansekoopmanshuis.nl\/de\/wp-json\/wp\/v2\/pages\/6\/revisions"}],"predecessor-version":[{"id":2368,"href":"https:\/\/zaansekoopmanshuis.nl\/de\/wp-json\/wp\/v2\/pages\/6\/revisions\/2368"}],"wp:attachment":[{"href":"https:\/\/zaansekoopmanshuis.nl\/de\/wp-json\/wp\/v2\/media?parent=6"}],"curies":[{"name":"wp","href":"https:\/\/api.w.org\/{rel}","templated":true}]}}