{"id":13,"date":"2017-03-13T10:57:01","date_gmt":"2017-03-13T09:57:01","guid":{"rendered":"http:\/\/zaansekoopmanshuis.nl\/?page_id=13"},"modified":"2025-10-07T21:49:51","modified_gmt":"2025-10-07T19:49:51","slug":"gastenkamer","status":"publish","type":"page","link":"https:\/\/zaansekoopmanshuis.nl\/fr\/gastenkamer\/","title":{"rendered":"Chambre d\u2019h\u00f4te"},"content":{"rendered":"<p><\/p>\n<div class=\"kolom-links\">\n<p>La chambre se trouve au premier \u00e9tage, \u00e0 l\u2019arri\u00e8re de la maison, elle est donc situ\u00e9e au calme. Elle dispose d\u2019une salle de bains, d\u2019un escalier et d\u2019une entr\u00e9e personnels.<\/p>\n<p>La chambre poss\u00e8de deux lits simples qui sont plac\u00e9s l\u2019un pr\u00e8s de l\u2019autre mais qui peuvent \u00eatre \u00e9galement s\u00e9par\u00e9s.<\/p>\n<p>La chambre comprend aussi un coin repos confortable avec une table et deux fauteuils, une TV, un lecteur de DVDs &#8211; CDs, un radio-r\u00e9veil, une table pliante avec vaisselle ainsi que la possibilit\u00e9 de pr\u00e9parer du caf\u00e9 ou du th\u00e9, le Wi-Fi gratuit, des DVDs, des CDs, des livres et des informations touristiques.<\/p>\n<\/div>\n<div class=\"kolom-rechts\">\n<p>La salle de bains est \u00e9quip\u00e9e d\u2019un lavabo, de toilettes, d\u2019une douche spa avec lumi\u00e8re infrarouge, d\u2019un miroir chauffant et muni d\u2019un \u00e9clairage, d\u2019un chauffage design, d\u2019un s\u00e8che-cheveux, de serviettes, de peignoirs et de produits de toilette.<\/p>\n<p>Une penderie avec un tr\u00e9sor, un mini-r\u00e9frig\u00e9rateur, un four micro-ondes, de la vaisselle et des couverts se trouvent dans l\u2019entr\u00e9e appartenant \u00e0 la chambre.<\/p>\n<p>Le petit-d\u00e9jeuner est servi dans notre cuisine munie d\u2019un \u201eSmuiger\u201c (une chemin\u00e9e typique de Zaanse) ou \u2013 par beau temps \u2013 il est servi dans le jardin, si vous le d\u00e9sirez.<\/p>\n<\/div><div class=\"spacer\"><\/div>\n\n\t\t<style type=\"text\/css\">\n\t\t\t#gallery-3 {\n\t\t\t\tmargin: auto;\n\t\t\t}\n\t\t\t#gallery-3 .gallery-item {\n\t\t\t\tfloat: left;\n\t\t\t\tmargin-top: 10px;\n\t\t\t\ttext-align: center;\n\t\t\t\twidth: 11%;\n\t\t\t}\n\t\t\t#gallery-3 img {\n\t\t\t\tborder: 2px solid #cfcfcf;\n\t\t\t}\n\t\t\t#gallery-3 .gallery-caption {\n\t\t\t\tmargin-left: 0;\n\t\t\t}\n\t\t\t\/* see gallery_shortcode() in wp-includes\/media.php *\/\n\t\t<\/style>\n\t\t<div id='gallery-3' class='gallery galleryid-13 gallery-columns-9 gallery-size-thumbnail'><dl class='gallery-item'>\n\t\t\t<dt class='gallery-icon portrait'>\n\t\t\t\t<a title=\"\" href='https:\/\/zaansekoopmanshuis.nl\/wp-content\/uploads\/2017\/03\/foto1.jpg'><img loading=\"lazy\" decoding=\"async\" width=\"80\" height=\"80\" src=\"https:\/\/zaansekoopmanshuis.nl\/wp-content\/uploads\/2017\/03\/foto1-80x80.jpg\" class=\"attachment-thumbnail size-thumbnail\" alt=\"\" srcset=\"https:\/\/zaansekoopmanshuis.nl\/wp-content\/uploads\/2017\/03\/foto1-80x80.jpg 80w, https:\/\/zaansekoopmanshuis.nl\/wp-content\/uploads\/2017\/03\/foto1-150x150.jpg 150w\" sizes=\"auto, (max-width: 80px) 100vw, 80px\" \/><\/a>\n\t\t\t<\/dt><\/dl><dl class='gallery-item'>\n\t\t\t<dt class='gallery-icon portrait'>\n\t\t\t\t<a title=\"\" href='https:\/\/zaansekoopmanshuis.nl\/wp-content\/uploads\/2017\/03\/foto2.jpg'><img loading=\"lazy\" decoding=\"async\" width=\"80\" height=\"80\" src=\"https:\/\/zaansekoopmanshuis.nl\/wp-content\/uploads\/2017\/03\/foto2-80x80.jpg\" class=\"attachment-thumbnail size-thumbnail\" alt=\"\" srcset=\"https:\/\/zaansekoopmanshuis.nl\/wp-content\/uploads\/2017\/03\/foto2-80x80.jpg 80w, https:\/\/zaansekoopmanshuis.nl\/wp-content\/uploads\/2017\/03\/foto2-150x150.jpg 150w\" sizes=\"auto, (max-width: 80px) 100vw, 80px\" \/><\/a>\n\t\t\t<\/dt><\/dl><dl class='gallery-item'>\n\t\t\t<dt class='gallery-icon landscape'>\n\t\t\t\t<a title=\"\" href='https:\/\/zaansekoopmanshuis.nl\/wp-content\/uploads\/2017\/03\/foto3.jpg'><img loading=\"lazy\" decoding=\"async\" width=\"80\" height=\"80\" src=\"https:\/\/zaansekoopmanshuis.nl\/wp-content\/uploads\/2017\/03\/foto3-80x80.jpg\" class=\"attachment-thumbnail size-thumbnail\" alt=\"\" srcset=\"https:\/\/zaansekoopmanshuis.nl\/wp-content\/uploads\/2017\/03\/foto3-80x80.jpg 80w, https:\/\/zaansekoopmanshuis.nl\/wp-content\/uploads\/2017\/03\/foto3-150x150.jpg 150w\" sizes=\"auto, (max-width: 80px) 100vw, 80px\" \/><\/a>\n\t\t\t<\/dt><\/dl><dl class='gallery-item'>\n\t\t\t<dt class='gallery-icon landscape'>\n\t\t\t\t<a title=\"\" href='https:\/\/zaansekoopmanshuis.nl\/wp-content\/uploads\/2017\/03\/foto4.jpg'><img loading=\"lazy\" decoding=\"async\" width=\"80\" height=\"80\" src=\"https:\/\/zaansekoopmanshuis.nl\/wp-content\/uploads\/2017\/03\/foto4-80x80.jpg\" class=\"attachment-thumbnail size-thumbnail\" alt=\"\" srcset=\"https:\/\/zaansekoopmanshuis.nl\/wp-content\/uploads\/2017\/03\/foto4-80x80.jpg 80w, https:\/\/zaansekoopmanshuis.nl\/wp-content\/uploads\/2017\/03\/foto4-150x150.jpg 150w\" sizes=\"auto, (max-width: 80px) 100vw, 80px\" \/><\/a>\n\t\t\t<\/dt><\/dl><dl class='gallery-item'>\n\t\t\t<dt class='gallery-icon landscape'>\n\t\t\t\t<a title=\"\" href='https:\/\/zaansekoopmanshuis.nl\/wp-content\/uploads\/2017\/03\/foto5.jpg'><img loading=\"lazy\" decoding=\"async\" width=\"80\" height=\"80\" src=\"https:\/\/zaansekoopmanshuis.nl\/wp-content\/uploads\/2017\/03\/foto5-80x80.jpg\" class=\"attachment-thumbnail size-thumbnail\" alt=\"\" srcset=\"https:\/\/zaansekoopmanshuis.nl\/wp-content\/uploads\/2017\/03\/foto5-80x80.jpg 80w, https:\/\/zaansekoopmanshuis.nl\/wp-content\/uploads\/2017\/03\/foto5-150x150.jpg 150w\" sizes=\"auto, (max-width: 80px) 100vw, 80px\" \/><\/a>\n\t\t\t<\/dt><\/dl><dl class='gallery-item'>\n\t\t\t<dt class='gallery-icon landscape'>\n\t\t\t\t<a title=\"\" href='https:\/\/zaansekoopmanshuis.nl\/wp-content\/uploads\/2017\/03\/foto6.jpg'><img loading=\"lazy\" decoding=\"async\" width=\"80\" height=\"80\" src=\"https:\/\/zaansekoopmanshuis.nl\/wp-content\/uploads\/2017\/03\/foto6-80x80.jpg\" class=\"attachment-thumbnail size-thumbnail\" alt=\"\" srcset=\"https:\/\/zaansekoopmanshuis.nl\/wp-content\/uploads\/2017\/03\/foto6-80x80.jpg 80w, https:\/\/zaansekoopmanshuis.nl\/wp-content\/uploads\/2017\/03\/foto6-150x150.jpg 150w\" sizes=\"auto, (max-width: 80px) 100vw, 80px\" \/><\/a>\n\t\t\t<\/dt><\/dl><dl class='gallery-item'>\n\t\t\t<dt class='gallery-icon portrait'>\n\t\t\t\t<a title=\"\" href='https:\/\/zaansekoopmanshuis.nl\/wp-content\/uploads\/2017\/03\/foto7.jpg'><img loading=\"lazy\" decoding=\"async\" width=\"80\" height=\"80\" src=\"https:\/\/zaansekoopmanshuis.nl\/wp-content\/uploads\/2017\/03\/foto7-80x80.jpg\" class=\"attachment-thumbnail size-thumbnail\" alt=\"\" srcset=\"https:\/\/zaansekoopmanshuis.nl\/wp-content\/uploads\/2017\/03\/foto7-80x80.jpg 80w, https:\/\/zaansekoopmanshuis.nl\/wp-content\/uploads\/2017\/03\/foto7-150x150.jpg 150w\" sizes=\"auto, (max-width: 80px) 100vw, 80px\" \/><\/a>\n\t\t\t<\/dt><\/dl><dl class='gallery-item'>\n\t\t\t<dt class='gallery-icon portrait'>\n\t\t\t\t<a title=\"\" href='https:\/\/zaansekoopmanshuis.nl\/wp-content\/uploads\/2017\/03\/foto8.jpg'><img loading=\"lazy\" decoding=\"async\" width=\"80\" height=\"80\" src=\"https:\/\/zaansekoopmanshuis.nl\/wp-content\/uploads\/2017\/03\/foto8-80x80.jpg\" class=\"attachment-thumbnail size-thumbnail\" alt=\"\" srcset=\"https:\/\/zaansekoopmanshuis.nl\/wp-content\/uploads\/2017\/03\/foto8-80x80.jpg 80w, https:\/\/zaansekoopmanshuis.nl\/wp-content\/uploads\/2017\/03\/foto8-150x150.jpg 150w\" sizes=\"auto, (max-width: 80px) 100vw, 80px\" \/><\/a>\n\t\t\t<\/dt><\/dl><dl class='gallery-item'>\n\t\t\t<dt class='gallery-icon landscape'>\n\t\t\t\t<a title=\"\" href='https:\/\/zaansekoopmanshuis.nl\/wp-content\/uploads\/2017\/03\/foto9.jpg'><img loading=\"lazy\" decoding=\"async\" width=\"80\" height=\"80\" src=\"https:\/\/zaansekoopmanshuis.nl\/wp-content\/uploads\/2017\/03\/foto9-80x80.jpg\" class=\"attachment-thumbnail size-thumbnail\" alt=\"\" srcset=\"https:\/\/zaansekoopmanshuis.nl\/wp-content\/uploads\/2017\/03\/foto9-80x80.jpg 80w, https:\/\/zaansekoopmanshuis.nl\/wp-content\/uploads\/2017\/03\/foto9-150x150.jpg 150w\" sizes=\"auto, (max-width: 80px) 100vw, 80px\" \/><\/a>\n\t\t\t<\/dt><\/dl><br style=\"clear: both\" \/><dl class='gallery-item'>\n\t\t\t<dt class='gallery-icon landscape'>\n\t\t\t\t<a title=\"\" href='https:\/\/zaansekoopmanshuis.nl\/wp-content\/uploads\/2017\/03\/foto10.jpg'><img loading=\"lazy\" decoding=\"async\" width=\"80\" height=\"80\" src=\"https:\/\/zaansekoopmanshuis.nl\/wp-content\/uploads\/2017\/03\/foto10-80x80.jpg\" class=\"attachment-thumbnail size-thumbnail\" alt=\"\" srcset=\"https:\/\/zaansekoopmanshuis.nl\/wp-content\/uploads\/2017\/03\/foto10-80x80.jpg 80w, https:\/\/zaansekoopmanshuis.nl\/wp-content\/uploads\/2017\/03\/foto10-150x150.jpg 150w\" sizes=\"auto, (max-width: 80px) 100vw, 80px\" \/><\/a>\n\t\t\t<\/dt><\/dl><dl class='gallery-item'>\n\t\t\t<dt class='gallery-icon landscape'>\n\t\t\t\t<a title=\"\" href='https:\/\/zaansekoopmanshuis.nl\/wp-content\/uploads\/2017\/03\/foto11.jpg'><img loading=\"lazy\" decoding=\"async\" width=\"80\" height=\"80\" src=\"https:\/\/zaansekoopmanshuis.nl\/wp-content\/uploads\/2017\/03\/foto11-80x80.jpg\" class=\"attachment-thumbnail size-thumbnail\" alt=\"\" srcset=\"https:\/\/zaansekoopmanshuis.nl\/wp-content\/uploads\/2017\/03\/foto11-80x80.jpg 80w, https:\/\/zaansekoopmanshuis.nl\/wp-content\/uploads\/2017\/03\/foto11-150x150.jpg 150w\" sizes=\"auto, (max-width: 80px) 100vw, 80px\" \/><\/a>\n\t\t\t<\/dt><\/dl>\n\t\t\t<br style='clear: both' \/>\n\t\t<\/div>\n\n<p>Le prix de la chambre s\u2019\u00e9l\u00e8ve \u00e0 \u20ac95 par nuit pour deux personnes sans petit-d\u00e9jeuner . Le prix sont tout inclusive mais exclusive le impot de tourist \u00e1 \u20ac 5 par nuit par person. Nous demands une minimum sejour de quatre nuits avec l&rsquo;exception nous avons seul deux ou trois nuits disponible. La chambre peut h\u00e9berger deux personnes au maximum. Vous trouverez plus d\u2019informations .\u00a0 sous la rubrique <a href=\"..\/prijzen\">Prix<\/a>.\u00a0<\/p>\n<p><\/p>","protected":false},"excerpt":{"rendered":"<p>Le prix de la chambre s\u2019\u00e9l\u00e8ve \u00e0 \u20ac95 par nuit pour deux personnes sans petit-d\u00e9jeuner . Le prix sont tout inclusive mais exclusive le impot de tourist \u00e1 \u20ac 5 par nuit par person. Nous demands une minimum sejour de &hellip; <a href=\"https:\/\/zaansekoopmanshuis.nl\/fr\/gastenkamer\/\"><em>Lees verder<span class=\"meta-nav\">&#8230;<\/span><\/em><\/a><\/em><\/p>\n","protected":false},"author":1,"featured_media":0,"parent":0,"menu_order":0,"comment_status":"closed","ping_status":"closed","template":"","meta":{"_acf_changed":false,"footnotes":""},"class_list":["post-13","page","type-page","status-publish","hentry"],"acf":[],"_links":{"self":[{"href":"https:\/\/zaansekoopmanshuis.nl\/fr\/wp-json\/wp\/v2\/pages\/13","targetHints":{"allow":["GET"]}}],"collection":[{"href":"https:\/\/zaansekoopmanshuis.nl\/fr\/wp-json\/wp\/v2\/pages"}],"about":[{"href":"https:\/\/zaansekoopmanshuis.nl\/fr\/wp-json\/wp\/v2\/types\/page"}],"author":[{"embeddable":true,"href":"https:\/\/zaansekoopmanshuis.nl\/fr\/wp-json\/wp\/v2\/users\/1"}],"replies":[{"embeddable":true,"href":"https:\/\/zaansekoopmanshuis.nl\/fr\/wp-json\/wp\/v2\/comments?post=13"}],"version-history":[{"count":12,"href":"https:\/\/zaansekoopmanshuis.nl\/fr\/wp-json\/wp\/v2\/pages\/13\/revisions"}],"predecessor-version":[{"id":3569,"href":"https:\/\/zaansekoopmanshuis.nl\/fr\/wp-json\/wp\/v2\/pages\/13\/revisions\/3569"}],"wp:attachment":[{"href":"https:\/\/zaansekoopmanshuis.nl\/fr\/wp-json\/wp\/v2\/media?parent=13"}],"curies":[{"name":"wp","href":"https:\/\/api.w.org\/{rel}","templated":true}]}}