{"id":16,"date":"2017-03-13T10:57:13","date_gmt":"2017-03-13T09:57:13","guid":{"rendered":"http:\/\/zaansekoopmanshuis.nl\/?page_id=16"},"modified":"2026-04-28T18:35:23","modified_gmt":"2026-04-28T16:35:23","slug":"appartement","status":"publish","type":"page","link":"https:\/\/zaansekoopmanshuis.nl\/fr\/appartement\/","title":{"rendered":"Appartement"},"content":{"rendered":"<p><\/p>\n<div class=\"kolom-links\">\n<p>Un g\u00eete charmant et luxurieux (d\u2019env.\u00a050 m\u00b2) dans une aile de la maison en U, au rez-de-chauss\u00e9e de la cour int\u00e9rieure ravissante et calme.<br \/>\nUn acc\u00e8s personnel par le jardin, une entr\u00e9e avec une garde-robe et un d\u00e9barras particulier avec machine \u00e0 laver \/ s\u00e9choir et fer \u00e0 repasser.<\/p>\n<p>De l\u2019entr\u00e9e, on arrive dans la cuisine enti\u00e8rement \u00e9quip\u00e9e poss\u00e9dant une table \u00e0 manger, une cuisini\u00e8re \u00e9lectrique, un r\u00e9frig\u00e9rateur avec compartiment cong\u00e9lateur, un four \u00e0 micro-ondes, un service de table Wedgwood, des casseroles et des couverts, des torchons, une machine \u00e0 caf\u00e9, une bouilloire \u00e9lectrique ainsi qu\u2019un approvisionnement en caf\u00e9 et en th\u00e9.<\/p>\n<p>La cuisine est avoisinante de la salle de s\u00e9jour en forme de L dot\u00e9e de deux lits luxurieux dont les sommiers sont \u00e0 ressorts et de la marque Pullman. Ils sont plac\u00e9s l\u2019un pr\u00e8s de l\u2019autre mais peuvent \u00eatre \u00e9galement s\u00e9par\u00e9s.<\/p>\n<\/div>\n<div class=\"kolom-rechts\">\n<p>L\u2019appartement dispose d\u2019un coin repos avec une table et deux fauteuils confortables avec dossier et repose-pieds r\u00e9glables \u00e9lectriquement, chauffage et diverses options de massage,\u00a0un bureau, une penderie spacieuse, une radio, une TV portable, un lecteur de DVDs et CDs, une radio, un simulateur d\u2019aube Philips, le Wi-Fi gratuit, des DVDs, des CDs, des livres et des informations touristiques pour nos h\u00f4tes.<\/p>\n<p>La salle de bains romantique avec plafond vout\u00e9 est \u00e9quip\u00e9e de toilettes, de lavabos, d\u2019un whirlpool spa Deluxe Twin, d\u2019une douche, d\u2019un sol chauffant et d\u2019un chauffage design. Un sauna finlandais spacieux se trouve \u00e0 c\u00f4t\u00e9 de la salle de bains.<\/p>\n<p>Draps de lit et serviettes luxueux, peignoirs, sauna et douche, caf\u00e9 et th\u00e9, une bouteille de vin, des chocolats, des fruits frais et des fleurs \u2013 tout cela est \u00e0 votre disposition dans l\u2019appartement.<\/p>\n<\/div><div class=\"spacer\"><\/div>\n\n\t\t<style type=\"text\/css\">\n\t\t\t#gallery-3 {\n\t\t\t\tmargin: auto;\n\t\t\t}\n\t\t\t#gallery-3 .gallery-item {\n\t\t\t\tfloat: left;\n\t\t\t\tmargin-top: 10px;\n\t\t\t\ttext-align: center;\n\t\t\t\twidth: 11%;\n\t\t\t}\n\t\t\t#gallery-3 img {\n\t\t\t\tborder: 2px solid #cfcfcf;\n\t\t\t}\n\t\t\t#gallery-3 .gallery-caption {\n\t\t\t\tmargin-left: 0;\n\t\t\t}\n\t\t\t\/* see gallery_shortcode() in wp-includes\/media.php *\/\n\t\t<\/style>\n\t\t<div id='gallery-3' class='gallery galleryid-16 gallery-columns-9 gallery-size-thumbnail'><dl class='gallery-item'>\n\t\t\t<dt class='gallery-icon landscape'>\n\t\t\t\t<a title=\"\" href='https:\/\/zaansekoopmanshuis.nl\/wp-content\/uploads\/2017\/03\/foto1-1.jpg'><img loading=\"lazy\" decoding=\"async\" width=\"80\" height=\"80\" src=\"https:\/\/zaansekoopmanshuis.nl\/wp-content\/uploads\/2017\/03\/foto1-1-80x80.jpg\" class=\"attachment-thumbnail size-thumbnail\" alt=\"\" srcset=\"https:\/\/zaansekoopmanshuis.nl\/wp-content\/uploads\/2017\/03\/foto1-1-80x80.jpg 80w, https:\/\/zaansekoopmanshuis.nl\/wp-content\/uploads\/2017\/03\/foto1-1-150x150.jpg 150w\" sizes=\"auto, (max-width: 80px) 100vw, 80px\" \/><\/a>\n\t\t\t<\/dt><\/dl><dl class='gallery-item'>\n\t\t\t<dt class='gallery-icon landscape'>\n\t\t\t\t<a title=\"\" href='https:\/\/zaansekoopmanshuis.nl\/wp-content\/uploads\/2017\/03\/foto2-1.jpg'><img loading=\"lazy\" decoding=\"async\" width=\"80\" height=\"80\" src=\"https:\/\/zaansekoopmanshuis.nl\/wp-content\/uploads\/2017\/03\/foto2-1-80x80.jpg\" class=\"attachment-thumbnail size-thumbnail\" alt=\"\" srcset=\"https:\/\/zaansekoopmanshuis.nl\/wp-content\/uploads\/2017\/03\/foto2-1-80x80.jpg 80w, https:\/\/zaansekoopmanshuis.nl\/wp-content\/uploads\/2017\/03\/foto2-1-150x150.jpg 150w\" sizes=\"auto, (max-width: 80px) 100vw, 80px\" \/><\/a>\n\t\t\t<\/dt><\/dl><dl class='gallery-item'>\n\t\t\t<dt class='gallery-icon landscape'>\n\t\t\t\t<a title=\"\" href='https:\/\/zaansekoopmanshuis.nl\/wp-content\/uploads\/2017\/03\/foto3-1.jpg'><img loading=\"lazy\" decoding=\"async\" width=\"80\" height=\"80\" src=\"https:\/\/zaansekoopmanshuis.nl\/wp-content\/uploads\/2017\/03\/foto3-1-80x80.jpg\" class=\"attachment-thumbnail size-thumbnail\" alt=\"\" srcset=\"https:\/\/zaansekoopmanshuis.nl\/wp-content\/uploads\/2017\/03\/foto3-1-80x80.jpg 80w, https:\/\/zaansekoopmanshuis.nl\/wp-content\/uploads\/2017\/03\/foto3-1-150x150.jpg 150w\" sizes=\"auto, (max-width: 80px) 100vw, 80px\" \/><\/a>\n\t\t\t<\/dt><\/dl><dl class='gallery-item'>\n\t\t\t<dt class='gallery-icon landscape'>\n\t\t\t\t<a title=\"\" href='https:\/\/zaansekoopmanshuis.nl\/wp-content\/uploads\/2017\/03\/foto4-1.jpg'><img loading=\"lazy\" decoding=\"async\" width=\"80\" height=\"80\" src=\"https:\/\/zaansekoopmanshuis.nl\/wp-content\/uploads\/2017\/03\/foto4-1-80x80.jpg\" class=\"attachment-thumbnail size-thumbnail\" alt=\"\" srcset=\"https:\/\/zaansekoopmanshuis.nl\/wp-content\/uploads\/2017\/03\/foto4-1-80x80.jpg 80w, https:\/\/zaansekoopmanshuis.nl\/wp-content\/uploads\/2017\/03\/foto4-1-150x150.jpg 150w\" sizes=\"auto, (max-width: 80px) 100vw, 80px\" \/><\/a>\n\t\t\t<\/dt><\/dl><dl class='gallery-item'>\n\t\t\t<dt class='gallery-icon landscape'>\n\t\t\t\t<a title=\"\" href='https:\/\/zaansekoopmanshuis.nl\/wp-content\/uploads\/2017\/03\/foto5-1.jpg'><img loading=\"lazy\" decoding=\"async\" width=\"80\" height=\"80\" src=\"https:\/\/zaansekoopmanshuis.nl\/wp-content\/uploads\/2017\/03\/foto5-1-80x80.jpg\" class=\"attachment-thumbnail size-thumbnail\" alt=\"\" srcset=\"https:\/\/zaansekoopmanshuis.nl\/wp-content\/uploads\/2017\/03\/foto5-1-80x80.jpg 80w, https:\/\/zaansekoopmanshuis.nl\/wp-content\/uploads\/2017\/03\/foto5-1-150x150.jpg 150w\" sizes=\"auto, (max-width: 80px) 100vw, 80px\" \/><\/a>\n\t\t\t<\/dt><\/dl><dl class='gallery-item'>\n\t\t\t<dt class='gallery-icon landscape'>\n\t\t\t\t<a title=\"\" href='https:\/\/zaansekoopmanshuis.nl\/wp-content\/uploads\/2017\/03\/foto6-1.jpg'><img loading=\"lazy\" decoding=\"async\" width=\"80\" height=\"80\" src=\"https:\/\/zaansekoopmanshuis.nl\/wp-content\/uploads\/2017\/03\/foto6-1-80x80.jpg\" class=\"attachment-thumbnail size-thumbnail\" alt=\"\" srcset=\"https:\/\/zaansekoopmanshuis.nl\/wp-content\/uploads\/2017\/03\/foto6-1-80x80.jpg 80w, https:\/\/zaansekoopmanshuis.nl\/wp-content\/uploads\/2017\/03\/foto6-1-150x150.jpg 150w\" sizes=\"auto, (max-width: 80px) 100vw, 80px\" \/><\/a>\n\t\t\t<\/dt><\/dl><dl class='gallery-item'>\n\t\t\t<dt class='gallery-icon landscape'>\n\t\t\t\t<a title=\"\" href='https:\/\/zaansekoopmanshuis.nl\/wp-content\/uploads\/2017\/03\/foto7-1.jpg'><img loading=\"lazy\" decoding=\"async\" width=\"80\" height=\"80\" src=\"https:\/\/zaansekoopmanshuis.nl\/wp-content\/uploads\/2017\/03\/foto7-1-80x80.jpg\" class=\"attachment-thumbnail size-thumbnail\" alt=\"\" srcset=\"https:\/\/zaansekoopmanshuis.nl\/wp-content\/uploads\/2017\/03\/foto7-1-80x80.jpg 80w, https:\/\/zaansekoopmanshuis.nl\/wp-content\/uploads\/2017\/03\/foto7-1-150x150.jpg 150w\" sizes=\"auto, (max-width: 80px) 100vw, 80px\" \/><\/a>\n\t\t\t<\/dt><\/dl><dl class='gallery-item'>\n\t\t\t<dt class='gallery-icon portrait'>\n\t\t\t\t<a title=\"\" href='https:\/\/zaansekoopmanshuis.nl\/wp-content\/uploads\/2017\/03\/foto8-1.jpg'><img loading=\"lazy\" decoding=\"async\" width=\"80\" height=\"80\" src=\"https:\/\/zaansekoopmanshuis.nl\/wp-content\/uploads\/2017\/03\/foto8-1-80x80.jpg\" class=\"attachment-thumbnail size-thumbnail\" alt=\"\" srcset=\"https:\/\/zaansekoopmanshuis.nl\/wp-content\/uploads\/2017\/03\/foto8-1-80x80.jpg 80w, https:\/\/zaansekoopmanshuis.nl\/wp-content\/uploads\/2017\/03\/foto8-1-150x150.jpg 150w, https:\/\/zaansekoopmanshuis.nl\/wp-content\/uploads\/2017\/03\/foto8-1.jpg 1020w\" sizes=\"auto, (max-width: 80px) 100vw, 80px\" \/><\/a>\n\t\t\t<\/dt><\/dl><dl class='gallery-item'>\n\t\t\t<dt class='gallery-icon landscape'>\n\t\t\t\t<a title=\"\" href='https:\/\/zaansekoopmanshuis.nl\/wp-content\/uploads\/2017\/03\/foto9-1.jpg'><img loading=\"lazy\" decoding=\"async\" width=\"80\" height=\"80\" src=\"https:\/\/zaansekoopmanshuis.nl\/wp-content\/uploads\/2017\/03\/foto9-1-80x80.jpg\" class=\"attachment-thumbnail size-thumbnail\" alt=\"\" srcset=\"https:\/\/zaansekoopmanshuis.nl\/wp-content\/uploads\/2017\/03\/foto9-1-80x80.jpg 80w, https:\/\/zaansekoopmanshuis.nl\/wp-content\/uploads\/2017\/03\/foto9-1-150x150.jpg 150w\" sizes=\"auto, (max-width: 80px) 100vw, 80px\" \/><\/a>\n\t\t\t<\/dt><\/dl><br style=\"clear: both\" \/><dl class='gallery-item'>\n\t\t\t<dt class='gallery-icon portrait'>\n\t\t\t\t<a title=\"\" href='https:\/\/zaansekoopmanshuis.nl\/wp-content\/uploads\/2017\/03\/foto10-1.jpg'><img loading=\"lazy\" decoding=\"async\" width=\"80\" height=\"80\" src=\"https:\/\/zaansekoopmanshuis.nl\/wp-content\/uploads\/2017\/03\/foto10-1-80x80.jpg\" class=\"attachment-thumbnail size-thumbnail\" alt=\"\" srcset=\"https:\/\/zaansekoopmanshuis.nl\/wp-content\/uploads\/2017\/03\/foto10-1-80x80.jpg 80w, https:\/\/zaansekoopmanshuis.nl\/wp-content\/uploads\/2017\/03\/foto10-1-150x150.jpg 150w\" sizes=\"auto, (max-width: 80px) 100vw, 80px\" \/><\/a>\n\t\t\t<\/dt><\/dl>\n\t\t\t<br style='clear: both' \/>\n\t\t<\/div>\n\n<p>Le prix de l\u2019appartement s\u2019\u00e9l\u00e8ve \u00e0 \u20ac 135,- par nuit pour une maximum de deux personnes.\u00a0 \u00a0Le prix est tout inclusive, mais exclusive le impot de tourist \u00e1 \u20ac 5 par person la nuit.\u00a0\u00a0Nous demandons une minimum s\u00e9jour de quatre nuits. \u00a0Vous trouverez plus d\u2019informations sous la rubrique <a href=\"..\/prijzen\">Prix<\/a>.<\/p>\n<p><\/p>","protected":false},"excerpt":{"rendered":"<p>Le prix de l\u2019appartement s\u2019\u00e9l\u00e8ve \u00e0 \u20ac 135,- par nuit pour une maximum de deux personnes.\u00a0 \u00a0Le prix est tout inclusive, mais exclusive le impot de tourist \u00e1 \u20ac 5 par person la nuit.\u00a0\u00a0Nous demandons une minimum s\u00e9jour de quatre &hellip; <a href=\"https:\/\/zaansekoopmanshuis.nl\/fr\/appartement\/\"><em>Lees verder<span class=\"meta-nav\">&#8230;<\/span><\/em><\/a><\/em><\/p>\n","protected":false},"author":1,"featured_media":0,"parent":0,"menu_order":0,"comment_status":"closed","ping_status":"closed","template":"","meta":{"_acf_changed":false,"footnotes":""},"class_list":["post-16","page","type-page","status-publish","hentry"],"acf":[],"_links":{"self":[{"href":"https:\/\/zaansekoopmanshuis.nl\/fr\/wp-json\/wp\/v2\/pages\/16","targetHints":{"allow":["GET"]}}],"collection":[{"href":"https:\/\/zaansekoopmanshuis.nl\/fr\/wp-json\/wp\/v2\/pages"}],"about":[{"href":"https:\/\/zaansekoopmanshuis.nl\/fr\/wp-json\/wp\/v2\/types\/page"}],"author":[{"embeddable":true,"href":"https:\/\/zaansekoopmanshuis.nl\/fr\/wp-json\/wp\/v2\/users\/1"}],"replies":[{"embeddable":true,"href":"https:\/\/zaansekoopmanshuis.nl\/fr\/wp-json\/wp\/v2\/comments?post=16"}],"version-history":[{"count":69,"href":"https:\/\/zaansekoopmanshuis.nl\/fr\/wp-json\/wp\/v2\/pages\/16\/revisions"}],"predecessor-version":[{"id":3635,"href":"https:\/\/zaansekoopmanshuis.nl\/fr\/wp-json\/wp\/v2\/pages\/16\/revisions\/3635"}],"wp:attachment":[{"href":"https:\/\/zaansekoopmanshuis.nl\/fr\/wp-json\/wp\/v2\/media?parent=16"}],"curies":[{"name":"wp","href":"https:\/\/api.w.org\/{rel}","templated":true}]}}