{"id":28,"date":"2017-03-13T10:58:10","date_gmt":"2017-03-13T09:58:10","guid":{"rendered":"http:\/\/zaansekoopmanshuis.nl\/?page_id=28"},"modified":"2024-02-25T20:31:16","modified_gmt":"2024-02-25T19:31:16","slug":"reserveren","status":"publish","type":"page","link":"https:\/\/zaansekoopmanshuis.nl\/fr\/reserveren\/","title":{"rendered":"Demande de r\u00e9servation"},"content":{"rendered":"<p><\/p>\n<p><strong>Dur\u00e9e minimale de s\u00e9jour: deux nuits au moins.<\/strong>\u00a0<\/p>\n<p><strong>Arriv\u00e9e et d\u00e9part:<\/strong> arriv\u00e9e \u00e0 partir de 14.00 heures, d\u00e9part avant 11.00 heures. Veuillez nous communiquer \u00e0 temps votre heure d\u2019arriv\u00e9e pr\u00e9vue afin que nous soyons pr\u00e9sents pour vous accueillir mais \u00e9vitons de vous attendre inutilement. Nous aimerions connaitre votre num\u00e9ro de portable pour le cas o\u00f9&#8230;<\/p>\n<p><strong>Les animaux domestiques<\/strong> \u2013 m\u00eame s\u2019ils sont petits et mignons &#8211; ne sont pas admis.<\/p>\n<p><strong>Fumer:<\/strong> Il est interdit de fumer dans la maison. Il est \u00e9galement interdit d\u2019allumer des bougies.<\/p>\n<p><a href=\"http:\/\/zaansekoopmanshuis.nl\/fr\/route.html\">Acc\u00e8s<\/a><\/p>\n\n<div class=\"wpcf7 no-js\" id=\"wpcf7-f2592-o3\" lang=\"nl-NL\" dir=\"ltr\" data-wpcf7-id=\"2592\">\n<div class=\"screen-reader-response\"><p role=\"status\" aria-live=\"polite\" aria-atomic=\"true\"><\/p> <ul><\/ul><\/div>\n<form action=\"\/fr\/wp-json\/wp\/v2\/pages\/28#wpcf7-f2592-o3\" method=\"post\" class=\"wpcf7-form init\" aria-label=\"Contactformulier\" novalidate=\"novalidate\" data-status=\"init\">\n<fieldset class=\"hidden-fields-container\"><input type=\"hidden\" name=\"_wpcf7\" value=\"2592\" \/><input type=\"hidden\" name=\"_wpcf7_version\" value=\"6.1.5\" \/><input type=\"hidden\" name=\"_wpcf7_locale\" value=\"nl_NL\" \/><input type=\"hidden\" name=\"_wpcf7_unit_tag\" value=\"wpcf7-f2592-o3\" \/><input type=\"hidden\" name=\"_wpcf7_container_post\" value=\"0\" \/><input type=\"hidden\" name=\"_wpcf7_posted_data_hash\" value=\"\" \/>\n<\/fieldset>\n<p style=\"text-align: center; font-weight: bold; margin: 8px 0;\">Vos coordonn\u00e9es\n<\/p>\n<p><label> Nom <span>*<\/span><br \/>\n<span class=\"wpcf7-form-control-wrap\" data-name=\"your-name\"><input size=\"40\" maxlength=\"400\" class=\"wpcf7-form-control wpcf7-text wpcf7-validates-as-required\" aria-required=\"true\" aria-invalid=\"false\" value=\"\" type=\"text\" name=\"your-name\" \/><\/span> <\/label>\n<\/p>\n<p><label> Adresse<br \/>\n<span class=\"wpcf7-form-control-wrap\" data-name=\"adres\"><input size=\"40\" maxlength=\"400\" class=\"wpcf7-form-control wpcf7-text\" aria-invalid=\"false\" value=\"\" type=\"text\" name=\"adres\" \/><\/span> <\/label>\n<\/p>\n<p><label> Code postal<br \/>\n<span class=\"wpcf7-form-control-wrap\" data-name=\"postcode\"><input size=\"40\" maxlength=\"400\" class=\"wpcf7-form-control wpcf7-text\" aria-invalid=\"false\" value=\"\" type=\"text\" name=\"postcode\" \/><\/span> <\/label>\n<\/p>\n<p><label> Ville<br \/>\n<span class=\"wpcf7-form-control-wrap\" data-name=\"woonplaats\"><input size=\"40\" maxlength=\"400\" class=\"wpcf7-form-control wpcf7-text\" aria-invalid=\"false\" value=\"\" type=\"text\" name=\"woonplaats\" \/><\/span> <\/label>\n<\/p>\n<p><label> Pays<br \/>\n<span class=\"wpcf7-form-control-wrap\" data-name=\"land\"><input size=\"40\" maxlength=\"400\" class=\"wpcf7-form-control wpcf7-text\" aria-invalid=\"false\" value=\"\" type=\"text\" name=\"land\" \/><\/span> <\/label>\n<\/p>\n<p><label> E-mail <span>*<\/span><br \/>\n<span class=\"wpcf7-form-control-wrap\" data-name=\"your-email\"><input size=\"40\" maxlength=\"400\" class=\"wpcf7-form-control wpcf7-email wpcf7-validates-as-required wpcf7-text wpcf7-validates-as-email\" aria-required=\"true\" aria-invalid=\"false\" value=\"\" type=\"email\" name=\"your-email\" \/><\/span> <\/label>\n<\/p>\n<p><label> Num\u00e9ro de t\u00e9l\u00e9phone<br \/>\n<span class=\"wpcf7-form-control-wrap\" data-name=\"telefoonnummer\"><input size=\"40\" maxlength=\"400\" class=\"wpcf7-form-control wpcf7-tel wpcf7-text wpcf7-validates-as-tel\" aria-invalid=\"false\" value=\"\" type=\"tel\" name=\"telefoonnummer\" \/><\/span> <\/label>\n<\/p>\n<p><label> Num\u00e9ro de portable<br \/>\n<span class=\"wpcf7-form-control-wrap\" data-name=\"mobiel\"><input size=\"40\" maxlength=\"400\" class=\"wpcf7-form-control wpcf7-tel wpcf7-text wpcf7-validates-as-tel\" aria-invalid=\"false\" value=\"\" type=\"tel\" name=\"mobiel\" \/><\/span> <\/label>\n<\/p>\n<p style=\"text-align: center; font-weight: bold; margin: 8px 0;\">Nombre de personnes\n<\/p>\n<p><label> Nombre d'adultes <span>*<\/span><br \/>\n<span class=\"wpcf7-form-control-wrap\" data-name=\"volwassenen\"><select class=\"wpcf7-form-control wpcf7-select\" aria-invalid=\"false\" name=\"volwassenen\"><option value=\"1\">1<\/option><option value=\"2\">2<\/option><option value=\"3\">3<\/option><option value=\"4\">4<\/option><option value=\"5\">5<\/option><option value=\"6\">6<\/option><option value=\"7\">7<\/option><option value=\"8\">8<\/option><\/select><\/span> <\/label>\n<\/p>\n<p><label> Nombre d'enfants<br \/>\n<span class=\"wpcf7-form-control-wrap\" data-name=\"kinderen\"><select class=\"wpcf7-form-control wpcf7-select\" aria-invalid=\"false\" name=\"kinderen\"><option value=\"0\">0<\/option><option value=\"1\">1<\/option><option value=\"2\">2<\/option><option value=\"3\">3<\/option><option value=\"4\">4<\/option><option value=\"5\">5<\/option><option value=\"6\">6<\/option><option value=\"7\">7<\/option><option value=\"8\">8<\/option><\/select><\/span> <\/label>\n<\/p>\n<p><label> L\u2019\u00e2ge des enfants<br \/>\n<span class=\"wpcf7-form-control-wrap\" data-name=\"leeftijden-kinderen\"><input size=\"40\" maxlength=\"400\" class=\"wpcf7-form-control wpcf7-text\" aria-invalid=\"false\" value=\"\" type=\"text\" name=\"leeftijden-kinderen\" \/><\/span> <\/label>\n<\/p>\n<p style=\"text-align: center; font-weight: bold; margin: 8px 0;\">Chambre souhait\u00e9e, l\u2019arriv\u00e9e et le d\u00e9part\n<\/p>\n<p><label> Chambre souhait\u00e9e(s)<br \/>\n<span class=\"wpcf7-form-control-wrap\" data-name=\"gewenste-kamers\"><input size=\"40\" maxlength=\"400\" class=\"wpcf7-form-control wpcf7-text\" aria-invalid=\"false\" value=\"\" type=\"text\" name=\"gewenste-kamers\" \/><\/span> <\/label>\n<\/p>\n<p><label> Date d\u2019arriv\u00e9e<br \/>\n<span class=\"wpcf7-form-control-wrap\" data-name=\"aankomst\"><input class=\"wpcf7-form-control wpcf7-date wpcf7-validates-as-date\" aria-invalid=\"false\" value=\"\" type=\"date\" name=\"aankomst\" \/><\/span> <\/label>\n<\/p>\n<p><label> Heure d'arriv\u00e9e pr\u00e9vue<br \/>\n<span class=\"wpcf7-form-control-wrap\" data-name=\"aankomsttijd\"><input size=\"40\" maxlength=\"400\" class=\"wpcf7-form-control wpcf7-text\" aria-invalid=\"false\" value=\"\" type=\"text\" name=\"aankomsttijd\" \/><\/span> <\/label>\n<\/p>\n<p><label> Date de d\u00e9part<br \/>\n<span class=\"wpcf7-form-control-wrap\" data-name=\"vertrek\"><input class=\"wpcf7-form-control wpcf7-date wpcf7-validates-as-date\" aria-invalid=\"false\" value=\"\" type=\"date\" name=\"vertrek\" \/><\/span> <\/label>\n<\/p>\n<p style=\"text-align: center; font-weight: bold; margin: 8px 0;\">Vos questions et commentaires\n<\/p>\n<p><label> Message<br \/>\n<span class=\"wpcf7-form-control-wrap\" data-name=\"bericht\"><textarea cols=\"40\" rows=\"8\" maxlength=\"2000\" class=\"wpcf7-form-control wpcf7-textarea\" aria-invalid=\"false\" name=\"bericht\"><\/textarea><\/span> <\/label>\n<\/p>\n<p><input class=\"wpcf7-form-control wpcf7-submit has-spinner\" type=\"submit\" value=\"Envoi\" \/>\n<\/p><p style=\"display: none !important;\" class=\"akismet-fields-container\" data-prefix=\"_wpcf7_ak_\"><label>&#916;<textarea name=\"_wpcf7_ak_hp_textarea\" cols=\"45\" rows=\"8\" maxlength=\"100\"><\/textarea><\/label><input type=\"hidden\" id=\"ak_js_3\" name=\"_wpcf7_ak_js\" value=\"207\"\/><script type=\"text\/javascript\">\n\/* <![CDATA[ *\/\ndocument.getElementById( \"ak_js_3\" ).setAttribute( \"value\", ( new Date() ).getTime() );\n\/* ]]> *\/\n<\/script>\n<\/p><div class=\"wpcf7-response-output\" aria-hidden=\"true\"><\/div>\n<\/form>\n<\/div>\n\n<p><\/p>","protected":false},"excerpt":{"rendered":"<p>Dur\u00e9e minimale de s\u00e9jour: deux nuits au moins.\u00a0 Arriv\u00e9e et d\u00e9part: arriv\u00e9e \u00e0 partir de 14.00 heures, d\u00e9part avant 11.00 heures. Veuillez nous communiquer \u00e0 temps votre heure d\u2019arriv\u00e9e pr\u00e9vue afin que nous soyons pr\u00e9sents pour vous accueillir mais \u00e9vitons &hellip; <a href=\"https:\/\/zaansekoopmanshuis.nl\/fr\/reserveren\/\"><em>Lees verder<span class=\"meta-nav\">&#8230;<\/span><\/em><\/a><\/em><\/p>\n","protected":false},"author":1,"featured_media":0,"parent":0,"menu_order":0,"comment_status":"closed","ping_status":"closed","template":"","meta":{"_acf_changed":false,"footnotes":""},"class_list":["post-28","page","type-page","status-publish","hentry"],"acf":[],"_links":{"self":[{"href":"https:\/\/zaansekoopmanshuis.nl\/fr\/wp-json\/wp\/v2\/pages\/28","targetHints":{"allow":["GET"]}}],"collection":[{"href":"https:\/\/zaansekoopmanshuis.nl\/fr\/wp-json\/wp\/v2\/pages"}],"about":[{"href":"https:\/\/zaansekoopmanshuis.nl\/fr\/wp-json\/wp\/v2\/types\/page"}],"author":[{"embeddable":true,"href":"https:\/\/zaansekoopmanshuis.nl\/fr\/wp-json\/wp\/v2\/users\/1"}],"replies":[{"embeddable":true,"href":"https:\/\/zaansekoopmanshuis.nl\/fr\/wp-json\/wp\/v2\/comments?post=28"}],"version-history":[{"count":5,"href":"https:\/\/zaansekoopmanshuis.nl\/fr\/wp-json\/wp\/v2\/pages\/28\/revisions"}],"predecessor-version":[{"id":3253,"href":"https:\/\/zaansekoopmanshuis.nl\/fr\/wp-json\/wp\/v2\/pages\/28\/revisions\/3253"}],"wp:attachment":[{"href":"https:\/\/zaansekoopmanshuis.nl\/fr\/wp-json\/wp\/v2\/media?parent=28"}],"curies":[{"name":"wp","href":"https:\/\/api.w.org\/{rel}","templated":true}]}}